{"id":9652,"date":"2025-06-11T17:55:47","date_gmt":"2025-06-11T15:55:47","guid":{"rendered":"https:\/\/hugorodriguez.com\/escuela\/?post_type=product&#038;p=9652"},"modified":"2025-06-11T18:02:27","modified_gmt":"2025-06-11T16:02:27","slug":"curso-de-capture-one-2025-para-fotografos-con-prisa","status":"publish","type":"product","link":"https:\/\/hugorodriguez.com\/escuela\/curso-fotografia\/curso-de-capture-one-2025-para-fotografos-con-prisa\/","title":{"rendered":"Curso de Capture One 2025 para fotografos con PRISA"},"content":{"rendered":"<p>Con este curso aprender\u00e1s a revelar el RAW siguiendo el \u00fanico m\u00e9todo que permite llegar al resultado final sin tener que repetir ajustes (que suele ser lo habitual): el <strong>Criterio de Revelado Universal<\/strong>, una metodolog\u00eda desarrollada por Hugo Rodr\u00edguez a lo largo de varios a\u00f1os, consecuencia de un profundo estudio de la naturaleza del RAW, su revelado y de la gesti\u00f3n del color.<\/p>\n<h3 style=\"text-align: center;\"><a href=\"https:\/\/hugorodriguez.com\/escuela\/cursos\/curso-de-c1-2025-para-fotografos-con-prisa\/\">IR A LA P\u00c1GINA DEL CURSO<\/a><\/h3>\n","protected":false},"excerpt":{"rendered":"<p>Si quieres aprender el programa de revelado referencia en la industria, y no tienes mucho tiempo, \u00a1este curso de 4h es para t\u00ed!<\/p>\n","protected":false},"featured_media":9653,"template":"","meta":{"_uag_custom_page_level_css":"","site-sidebar-layout":"default","site-content-layout":"","ast-site-content-layout":"default","site-content-style":"default","site-sidebar-style":"default","ast-global-header-display":"","ast-banner-title-visibility":"","ast-main-header-display":"","ast-hfb-above-header-display":"","ast-hfb-below-header-display":"","ast-hfb-mobile-header-display":"","site-post-title":"","ast-breadcrumbs-content":"","ast-featured-img":"","footer-sml-layout":"","theme-transparent-header-meta":"default","adv-header-id-meta":"","stick-header-meta":"default","header-above-stick-meta":"","header-main-stick-meta":"","header-below-stick-meta":"","astra-migrate-meta-layouts":"set","ast-page-background-enabled":"default","ast-page-background-meta":{"desktop":{"background-color":"","background-image":"","background-repeat":"repeat","background-position":"center center","background-size":"auto","background-attachment":"scroll","background-type":"","background-media":"","overlay-type":"","overlay-color":"","overlay-gradient":""},"tablet":{"background-color":"","background-image":"","background-repeat":"repeat","background-position":"center center","background-size":"auto","background-attachment":"scroll","background-type":"","background-media":"","overlay-type":"","overlay-color":"","overlay-gradient":""},"mobile":{"background-color":"","background-image":"","background-repeat":"repeat","background-position":"center center","background-size":"auto","background-attachment":"scroll","background-type":"","background-media":"","overlay-type":"","overlay-color":"","overlay-gradient":""}},"ast-content-background-meta":{"desktop":{"background-color":"var(--ast-global-color-5)","background-image":"","background-repeat":"repeat","background-position":"center center","background-size":"auto","background-attachment":"scroll","background-type":"","background-media":"","overlay-type":"","overlay-color":"","overlay-gradient":""},"tablet":{"background-color":"var(--ast-global-color-5)","background-image":"","background-repeat":"repeat","background-position":"center center","background-size":"auto","background-attachment":"scroll","background-type":"","background-media":"","overlay-type":"","overlay-color":"","overlay-gradient":""},"mobile":{"background-color":"var(--ast-global-color-5)","background-image":"","background-repeat":"repeat","background-position":"center center","background-size":"auto","background-attachment":"scroll","background-type":"","background-media":"","overlay-type":"","overlay-color":"","overlay-gradient":""}}},"product_brand":[],"product_cat":[56,57,66,58],"product_tag":[],"giftcard-category":[],"class_list":{"0":"post-9652","1":"product","2":"type-product","3":"status-publish","4":"has-post-thumbnail","6":"product_cat-edicion-de-fotos","7":"product_cat-organizacion-del-archivo","8":"product_cat-para-fotografos-con-prisa","9":"product_cat-revelado-de-raw","10":"desktop-align-left","11":"tablet-align-left","12":"mobile-align-left","13":"ast-product-gallery-layout-horizontal-slider","14":"ast-product-gallery-with-no-image","15":"ast-product-tabs-layout-horizontal","17":"first","18":"instock","19":"virtual","20":"sold-individually","21":"taxable","22":"purchasable","23":"product-type-simple"},"yoast_head":"<!-- This site is optimized with the Yoast SEO plugin v26.8 - https:\/\/yoast.com\/product\/yoast-seo-wordpress\/ -->\n<title>Curso de Capture One 2025 para fotografos con PRISA - Escuela de fotograf\u00eda<\/title>\n<meta name=\"description\" content=\"\u00bfSab\u00edas que Capture One Pro es capaz de obtener un color, una definici\u00f3n y una limpieza de la imagen muy superiores a la competencia? (Y, no, no es un t\u00f3pico) Y ahora est\u00e1 potenciado por iA.\" \/>\n<meta name=\"robots\" content=\"index, follow, max-snippet:-1, max-image-preview:large, max-video-preview:-1\" \/>\n<link rel=\"canonical\" href=\"https:\/\/hugorodriguez.com\/escuela\/curso-fotografia\/curso-de-capture-one-2025-para-fotografos-con-prisa\/\" \/>\n<meta property=\"og:locale\" content=\"es_ES\" \/>\n<meta property=\"og:type\" content=\"article\" \/>\n<meta property=\"og:title\" content=\"Curso de Capture One 2025 para fotografos con PRISA - Escuela de fotograf\u00eda\" \/>\n<meta property=\"og:description\" content=\"\u00bfSab\u00edas que Capture One Pro es capaz de obtener un color, una definici\u00f3n y una limpieza de la imagen muy superiores a la competencia? (Y, no, no es un t\u00f3pico) Y ahora est\u00e1 potenciado por iA.\" \/>\n<meta property=\"og:url\" content=\"https:\/\/hugorodriguez.com\/escuela\/curso-fotografia\/curso-de-capture-one-2025-para-fotografos-con-prisa\/\" \/>\n<meta property=\"og:site_name\" content=\"Escuela de fotograf\u00eda\" \/>\n<meta property=\"article:modified_time\" content=\"2025-06-11T16:02:27+00:00\" \/>\n<meta property=\"og:image\" content=\"https:\/\/hugorodriguez.com\/escuela\/wp-content\/uploads\/2025\/06\/Portada-curso-C1-2025-con-Prisa-H-Thumb-960.webp\" \/>\n\t<meta property=\"og:image:width\" content=\"960\" \/>\n\t<meta property=\"og:image:height\" content=\"660\" \/>\n\t<meta property=\"og:image:type\" content=\"image\/webp\" \/>\n<meta name=\"twitter:card\" content=\"summary_large_image\" \/>\n<meta name=\"twitter:label1\" content=\"Tiempo de lectura\" \/>\n\t<meta name=\"twitter:data1\" content=\"1 minuto\" \/>\n<script type=\"application\/ld+json\" class=\"yoast-schema-graph\">{\"@context\":\"https:\/\/schema.org\",\"@graph\":[{\"@type\":\"WebPage\",\"@id\":\"https:\/\/hugorodriguez.com\/escuela\/curso-fotografia\/curso-de-capture-one-2025-para-fotografos-con-prisa\/\",\"url\":\"https:\/\/hugorodriguez.com\/escuela\/curso-fotografia\/curso-de-capture-one-2025-para-fotografos-con-prisa\/\",\"name\":\"Curso de Capture One 2025 para fotografos con PRISA - Escuela de fotograf\u00eda\",\"isPartOf\":{\"@id\":\"https:\/\/hugorodriguez.com\/escuela\/#website\"},\"primaryImageOfPage\":{\"@id\":\"https:\/\/hugorodriguez.com\/escuela\/curso-fotografia\/curso-de-capture-one-2025-para-fotografos-con-prisa\/#primaryimage\"},\"image\":{\"@id\":\"https:\/\/hugorodriguez.com\/escuela\/curso-fotografia\/curso-de-capture-one-2025-para-fotografos-con-prisa\/#primaryimage\"},\"thumbnailUrl\":\"https:\/\/hugorodriguez.com\/escuela\/wp-content\/uploads\/2025\/06\/Portada-curso-C1-2025-con-Prisa-H-Thumb-960.webp\",\"datePublished\":\"2025-06-11T15:55:47+00:00\",\"dateModified\":\"2025-06-11T16:02:27+00:00\",\"description\":\"\u00bfSab\u00edas que Capture One Pro es capaz de obtener un color, una definici\u00f3n y una limpieza de la imagen muy superiores a la competencia? (Y, no, no es un t\u00f3pico) Y ahora est\u00e1 potenciado por iA.\",\"breadcrumb\":{\"@id\":\"https:\/\/hugorodriguez.com\/escuela\/curso-fotografia\/curso-de-capture-one-2025-para-fotografos-con-prisa\/#breadcrumb\"},\"inLanguage\":\"es\",\"potentialAction\":[{\"@type\":\"ReadAction\",\"target\":[\"https:\/\/hugorodriguez.com\/escuela\/curso-fotografia\/curso-de-capture-one-2025-para-fotografos-con-prisa\/\"]}]},{\"@type\":\"ImageObject\",\"inLanguage\":\"es\",\"@id\":\"https:\/\/hugorodriguez.com\/escuela\/curso-fotografia\/curso-de-capture-one-2025-para-fotografos-con-prisa\/#primaryimage\",\"url\":\"https:\/\/hugorodriguez.com\/escuela\/wp-content\/uploads\/2025\/06\/Portada-curso-C1-2025-con-Prisa-H-Thumb-960.webp\",\"contentUrl\":\"https:\/\/hugorodriguez.com\/escuela\/wp-content\/uploads\/2025\/06\/Portada-curso-C1-2025-con-Prisa-H-Thumb-960.webp\",\"width\":960,\"height\":660},{\"@type\":\"BreadcrumbList\",\"@id\":\"https:\/\/hugorodriguez.com\/escuela\/curso-fotografia\/curso-de-capture-one-2025-para-fotografos-con-prisa\/#breadcrumb\",\"itemListElement\":[{\"@type\":\"ListItem\",\"position\":1,\"name\":\"Portada\",\"item\":\"https:\/\/hugorodriguez.com\/escuela\/\"},{\"@type\":\"ListItem\",\"position\":2,\"name\":\"Tienda\",\"item\":\"https:\/\/hugorodriguez.com\/escuela\/tienda\/\"},{\"@type\":\"ListItem\",\"position\":3,\"name\":\"Curso de Capture One 2025 para fotografos con PRISA\"}]},{\"@type\":\"WebSite\",\"@id\":\"https:\/\/hugorodriguez.com\/escuela\/#website\",\"url\":\"https:\/\/hugorodriguez.com\/escuela\/\",\"name\":\"Escuela de fotograf\u00eda\",\"description\":\"Escuela online de fotografia de Hugo Rodriguez\",\"publisher\":{\"@id\":\"https:\/\/hugorodriguez.com\/escuela\/#organization\"},\"potentialAction\":[{\"@type\":\"SearchAction\",\"target\":{\"@type\":\"EntryPoint\",\"urlTemplate\":\"https:\/\/hugorodriguez.com\/escuela\/?s={search_term_string}\"},\"query-input\":{\"@type\":\"PropertyValueSpecification\",\"valueRequired\":true,\"valueName\":\"search_term_string\"}}],\"inLanguage\":\"es\"},{\"@type\":\"Organization\",\"@id\":\"https:\/\/hugorodriguez.com\/escuela\/#organization\",\"name\":\"Escuela de fotograf\u00eda\",\"url\":\"https:\/\/hugorodriguez.com\/escuela\/\",\"logo\":{\"@type\":\"ImageObject\",\"inLanguage\":\"es\",\"@id\":\"https:\/\/hugorodriguez.com\/escuela\/#\/schema\/logo\/image\/\",\"url\":\"https:\/\/hugorodriguez.com\/escuela\/wp-content\/uploads\/2023\/11\/cropped-Loho-hugorodriguez-escuela.webp\",\"contentUrl\":\"https:\/\/hugorodriguez.com\/escuela\/wp-content\/uploads\/2023\/11\/cropped-Loho-hugorodriguez-escuela.webp\",\"width\":671,\"height\":201,\"caption\":\"Escuela de fotograf\u00eda\"},\"image\":{\"@id\":\"https:\/\/hugorodriguez.com\/escuela\/#\/schema\/logo\/image\/\"}}]}<\/script>\n<!-- \/ Yoast SEO plugin. -->","yoast_head_json":{"title":"Curso de Capture One 2025 para fotografos con PRISA - Escuela de fotograf\u00eda","description":"\u00bfSab\u00edas que Capture One Pro es capaz de obtener un color, una definici\u00f3n y una limpieza de la imagen muy superiores a la competencia? (Y, no, no es un t\u00f3pico) Y ahora est\u00e1 potenciado por iA.","robots":{"index":"index","follow":"follow","max-snippet":"max-snippet:-1","max-image-preview":"max-image-preview:large","max-video-preview":"max-video-preview:-1"},"canonical":"https:\/\/hugorodriguez.com\/escuela\/curso-fotografia\/curso-de-capture-one-2025-para-fotografos-con-prisa\/","og_locale":"es_ES","og_type":"article","og_title":"Curso de Capture One 2025 para fotografos con PRISA - Escuela de fotograf\u00eda","og_description":"\u00bfSab\u00edas que Capture One Pro es capaz de obtener un color, una definici\u00f3n y una limpieza de la imagen muy superiores a la competencia? (Y, no, no es un t\u00f3pico) Y ahora est\u00e1 potenciado por iA.","og_url":"https:\/\/hugorodriguez.com\/escuela\/curso-fotografia\/curso-de-capture-one-2025-para-fotografos-con-prisa\/","og_site_name":"Escuela de fotograf\u00eda","article_modified_time":"2025-06-11T16:02:27+00:00","og_image":[{"width":960,"height":660,"url":"https:\/\/hugorodriguez.com\/escuela\/wp-content\/uploads\/2025\/06\/Portada-curso-C1-2025-con-Prisa-H-Thumb-960.webp","type":"image\/webp"}],"twitter_card":"summary_large_image","twitter_misc":{"Tiempo de lectura":"1 minuto"},"schema":{"@context":"https:\/\/schema.org","@graph":[{"@type":"WebPage","@id":"https:\/\/hugorodriguez.com\/escuela\/curso-fotografia\/curso-de-capture-one-2025-para-fotografos-con-prisa\/","url":"https:\/\/hugorodriguez.com\/escuela\/curso-fotografia\/curso-de-capture-one-2025-para-fotografos-con-prisa\/","name":"Curso de Capture One 2025 para fotografos con PRISA - Escuela de fotograf\u00eda","isPartOf":{"@id":"https:\/\/hugorodriguez.com\/escuela\/#website"},"primaryImageOfPage":{"@id":"https:\/\/hugorodriguez.com\/escuela\/curso-fotografia\/curso-de-capture-one-2025-para-fotografos-con-prisa\/#primaryimage"},"image":{"@id":"https:\/\/hugorodriguez.com\/escuela\/curso-fotografia\/curso-de-capture-one-2025-para-fotografos-con-prisa\/#primaryimage"},"thumbnailUrl":"https:\/\/hugorodriguez.com\/escuela\/wp-content\/uploads\/2025\/06\/Portada-curso-C1-2025-con-Prisa-H-Thumb-960.webp","datePublished":"2025-06-11T15:55:47+00:00","dateModified":"2025-06-11T16:02:27+00:00","description":"\u00bfSab\u00edas que Capture One Pro es capaz de obtener un color, una definici\u00f3n y una limpieza de la imagen muy superiores a la competencia? (Y, no, no es un t\u00f3pico) Y ahora est\u00e1 potenciado por iA.","breadcrumb":{"@id":"https:\/\/hugorodriguez.com\/escuela\/curso-fotografia\/curso-de-capture-one-2025-para-fotografos-con-prisa\/#breadcrumb"},"inLanguage":"es","potentialAction":[{"@type":"ReadAction","target":["https:\/\/hugorodriguez.com\/escuela\/curso-fotografia\/curso-de-capture-one-2025-para-fotografos-con-prisa\/"]}]},{"@type":"ImageObject","inLanguage":"es","@id":"https:\/\/hugorodriguez.com\/escuela\/curso-fotografia\/curso-de-capture-one-2025-para-fotografos-con-prisa\/#primaryimage","url":"https:\/\/hugorodriguez.com\/escuela\/wp-content\/uploads\/2025\/06\/Portada-curso-C1-2025-con-Prisa-H-Thumb-960.webp","contentUrl":"https:\/\/hugorodriguez.com\/escuela\/wp-content\/uploads\/2025\/06\/Portada-curso-C1-2025-con-Prisa-H-Thumb-960.webp","width":960,"height":660},{"@type":"BreadcrumbList","@id":"https:\/\/hugorodriguez.com\/escuela\/curso-fotografia\/curso-de-capture-one-2025-para-fotografos-con-prisa\/#breadcrumb","itemListElement":[{"@type":"ListItem","position":1,"name":"Portada","item":"https:\/\/hugorodriguez.com\/escuela\/"},{"@type":"ListItem","position":2,"name":"Tienda","item":"https:\/\/hugorodriguez.com\/escuela\/tienda\/"},{"@type":"ListItem","position":3,"name":"Curso de Capture One 2025 para fotografos con PRISA"}]},{"@type":"WebSite","@id":"https:\/\/hugorodriguez.com\/escuela\/#website","url":"https:\/\/hugorodriguez.com\/escuela\/","name":"Escuela de fotograf\u00eda","description":"Escuela online de fotografia de Hugo Rodriguez","publisher":{"@id":"https:\/\/hugorodriguez.com\/escuela\/#organization"},"potentialAction":[{"@type":"SearchAction","target":{"@type":"EntryPoint","urlTemplate":"https:\/\/hugorodriguez.com\/escuela\/?s={search_term_string}"},"query-input":{"@type":"PropertyValueSpecification","valueRequired":true,"valueName":"search_term_string"}}],"inLanguage":"es"},{"@type":"Organization","@id":"https:\/\/hugorodriguez.com\/escuela\/#organization","name":"Escuela de fotograf\u00eda","url":"https:\/\/hugorodriguez.com\/escuela\/","logo":{"@type":"ImageObject","inLanguage":"es","@id":"https:\/\/hugorodriguez.com\/escuela\/#\/schema\/logo\/image\/","url":"https:\/\/hugorodriguez.com\/escuela\/wp-content\/uploads\/2023\/11\/cropped-Loho-hugorodriguez-escuela.webp","contentUrl":"https:\/\/hugorodriguez.com\/escuela\/wp-content\/uploads\/2023\/11\/cropped-Loho-hugorodriguez-escuela.webp","width":671,"height":201,"caption":"Escuela de fotograf\u00eda"},"image":{"@id":"https:\/\/hugorodriguez.com\/escuela\/#\/schema\/logo\/image\/"}}]}},"uagb_featured_image_src":{"full":["https:\/\/hugorodriguez.com\/escuela\/wp-content\/uploads\/2025\/06\/Portada-curso-C1-2025-con-Prisa-H-Thumb-960.webp",960,660,false],"thumbnail":["https:\/\/hugorodriguez.com\/escuela\/wp-content\/uploads\/2025\/06\/Portada-curso-C1-2025-con-Prisa-H-Thumb-960-150x150.webp",150,150,true],"medium":["https:\/\/hugorodriguez.com\/escuela\/wp-content\/uploads\/2025\/06\/Portada-curso-C1-2025-con-Prisa-H-Thumb-960-300x206.webp",300,206,true],"medium_large":["https:\/\/hugorodriguez.com\/escuela\/wp-content\/uploads\/2025\/06\/Portada-curso-C1-2025-con-Prisa-H-Thumb-960-768x528.webp",768,528,true],"large":["https:\/\/hugorodriguez.com\/escuela\/wp-content\/uploads\/2025\/06\/Portada-curso-C1-2025-con-Prisa-H-Thumb-960.webp",960,660,false],"1536x1536":["https:\/\/hugorodriguez.com\/escuela\/wp-content\/uploads\/2025\/06\/Portada-curso-C1-2025-con-Prisa-H-Thumb-960.webp",960,660,false],"2048x2048":["https:\/\/hugorodriguez.com\/escuela\/wp-content\/uploads\/2025\/06\/Portada-curso-C1-2025-con-Prisa-H-Thumb-960.webp",960,660,false],"woocommerce_thumbnail":["https:\/\/hugorodriguez.com\/escuela\/wp-content\/uploads\/2025\/06\/Portada-curso-C1-2025-con-Prisa-H-Thumb-960-300x200.webp",300,200,true],"woocommerce_single":["https:\/\/hugorodriguez.com\/escuela\/wp-content\/uploads\/2025\/06\/Portada-curso-C1-2025-con-Prisa-H-Thumb-960-600x413.webp",600,413,true],"woocommerce_gallery_thumbnail":["https:\/\/hugorodriguez.com\/escuela\/wp-content\/uploads\/2025\/06\/Portada-curso-C1-2025-con-Prisa-H-Thumb-960-100x100.webp",100,100,true]},"uagb_author_info":{"display_name":"Hugo Rguez","author_link":"https:\/\/hugorodriguez.com\/escuela\/author\/"},"uagb_comment_info":0,"uagb_excerpt":"Si quieres aprender el programa de revelado referencia en la industria, y no tienes mucho tiempo, \u00a1este curso de 4h es para t\u00ed!","_links":{"self":[{"href":"https:\/\/hugorodriguez.com\/escuela\/wp-json\/wp\/v2\/product\/9652","targetHints":{"allow":["GET"]}}],"collection":[{"href":"https:\/\/hugorodriguez.com\/escuela\/wp-json\/wp\/v2\/product"}],"about":[{"href":"https:\/\/hugorodriguez.com\/escuela\/wp-json\/wp\/v2\/types\/product"}],"wp:featuredmedia":[{"embeddable":true,"href":"https:\/\/hugorodriguez.com\/escuela\/wp-json\/wp\/v2\/media\/9653"}],"wp:attachment":[{"href":"https:\/\/hugorodriguez.com\/escuela\/wp-json\/wp\/v2\/media?parent=9652"}],"wp:term":[{"taxonomy":"product_brand","embeddable":true,"href":"https:\/\/hugorodriguez.com\/escuela\/wp-json\/wp\/v2\/product_brand?post=9652"},{"taxonomy":"product_cat","embeddable":true,"href":"https:\/\/hugorodriguez.com\/escuela\/wp-json\/wp\/v2\/product_cat?post=9652"},{"taxonomy":"product_tag","embeddable":true,"href":"https:\/\/hugorodriguez.com\/escuela\/wp-json\/wp\/v2\/product_tag?post=9652"},{"taxonomy":"giftcard-category","embeddable":true,"href":"https:\/\/hugorodriguez.com\/escuela\/wp-json\/wp\/v2\/giftcard-category?post=9652"}],"curies":[{"name":"wp","href":"https:\/\/api.w.org\/{rel}","templated":true}]}}