{"id":9284,"date":"2025-05-08T19:43:29","date_gmt":"2025-05-08T17:43:29","guid":{"rendered":"https:\/\/hugorodriguez.com\/escuela\/?post_type=product&#038;p=9284"},"modified":"2025-05-08T20:07:41","modified_gmt":"2025-05-08T18:07:41","slug":"curso-de-luminar-neo-para-fotografos-con-prisa-2025","status":"publish","type":"product","link":"https:\/\/hugorodriguez.com\/escuela\/curso-fotografia\/curso-de-luminar-neo-para-fotografos-con-prisa-2025\/","title":{"rendered":"Curso de Luminar NEO para Fotografos con prisa 2025"},"content":{"rendered":"<p>Este curso est\u00e1 dirigido a todos aquellos aficionados o profesionales que quieren descubrir como la iA (inteligencia artificial) puede hacer muchiiisimo m\u00e1s facil su proceso fotogr\u00e1fico, porque Luminar NEO es como tener un retocador profesional a tus ordenes: ya no tienes que saber c\u00f3mo se hace eso que buscas, paso a paso; solamente tienes que aprender a indic\u00e1rselo a la iA para que lo haga. Y es mucho m\u00e1s f\u00e1cil de lo que piensas\u2026<\/p>\n<h3 style=\"text-align: center;\"><a href=\"https:\/\/hugorodriguez.com\/escuela\/cursos\/curso-de-luminar-neo-para-fotografos-con-prisa-2025\/\">IR A LA P\u00c1GINA DEL CURSO<\/a><\/h3>\n","protected":false},"excerpt":{"rendered":"<p>Aprende a manejar el editor de fotos basado en\u00a0<strong>iA<\/strong> que est\u00e1 revolucionando el mundillo fotogr\u00e1fico en un curso concentrado en poco m\u00e1s de 3h.<\/p>\n","protected":false},"featured_media":9286,"template":"","meta":{"_uag_custom_page_level_css":"","site-sidebar-layout":"default","site-content-layout":"","ast-site-content-layout":"default","site-content-style":"default","site-sidebar-style":"default","ast-global-header-display":"","ast-banner-title-visibility":"","ast-main-header-display":"","ast-hfb-above-header-display":"","ast-hfb-below-header-display":"","ast-hfb-mobile-header-display":"","site-post-title":"","ast-breadcrumbs-content":"","ast-featured-img":"","footer-sml-layout":"","theme-transparent-header-meta":"default","adv-header-id-meta":"","stick-header-meta":"default","header-above-stick-meta":"","header-main-stick-meta":"","header-below-stick-meta":"","astra-migrate-meta-layouts":"set","ast-page-background-enabled":"default","ast-page-background-meta":{"desktop":{"background-color":"","background-image":"","background-repeat":"repeat","background-position":"center center","background-size":"auto","background-attachment":"scroll","background-type":"","background-media":"","overlay-type":"","overlay-color":"","overlay-gradient":""},"tablet":{"background-color":"","background-image":"","background-repeat":"repeat","background-position":"center center","background-size":"auto","background-attachment":"scroll","background-type":"","background-media":"","overlay-type":"","overlay-color":"","overlay-gradient":""},"mobile":{"background-color":"","background-image":"","background-repeat":"repeat","background-position":"center center","background-size":"auto","background-attachment":"scroll","background-type":"","background-media":"","overlay-type":"","overlay-color":"","overlay-gradient":""}},"ast-content-background-meta":{"desktop":{"background-color":"var(--ast-global-color-5)","background-image":"","background-repeat":"repeat","background-position":"center center","background-size":"auto","background-attachment":"scroll","background-type":"","background-media":"","overlay-type":"","overlay-color":"","overlay-gradient":""},"tablet":{"background-color":"var(--ast-global-color-5)","background-image":"","background-repeat":"repeat","background-position":"center center","background-size":"auto","background-attachment":"scroll","background-type":"","background-media":"","overlay-type":"","overlay-color":"","overlay-gradient":""},"mobile":{"background-color":"var(--ast-global-color-5)","background-image":"","background-repeat":"repeat","background-position":"center center","background-size":"auto","background-attachment":"scroll","background-type":"","background-media":"","overlay-type":"","overlay-color":"","overlay-gradient":""}}},"product_brand":[],"product_cat":[56,57,66,58],"product_tag":[],"giftcard-category":[],"class_list":{"0":"post-9284","1":"product","2":"type-product","3":"status-publish","4":"has-post-thumbnail","6":"product_cat-edicion-de-fotos","7":"product_cat-organizacion-del-archivo","8":"product_cat-para-fotografos-con-prisa","9":"product_cat-revelado-de-raw","10":"desktop-align-left","11":"tablet-align-left","12":"mobile-align-left","13":"ast-product-gallery-layout-horizontal-slider","14":"ast-product-gallery-with-no-image","15":"ast-product-tabs-layout-horizontal","17":"first","18":"instock","19":"virtual","20":"sold-individually","21":"taxable","22":"purchasable","23":"product-type-simple"},"yoast_head":"<!-- This site is optimized with the Yoast SEO plugin v26.8 - https:\/\/yoast.com\/product\/yoast-seo-wordpress\/ -->\n<title>Curso de Luminar NEO para Fotografos con prisa 2025 - Escuela de fotograf\u00eda<\/title>\n<meta name=\"description\" content=\"\u00bfEstas harto de tener que pasar horas y horas delante del ordenador, retocando meticulosamente cada foto para mejorarla? Si la respuesta es \u201cs\u00ed\u201d, presta atenci\u00f3n: Luminar NEO es el programa que necesitas.\" \/>\n<meta name=\"robots\" content=\"index, follow, max-snippet:-1, max-image-preview:large, max-video-preview:-1\" \/>\n<link rel=\"canonical\" href=\"https:\/\/hugorodriguez.com\/escuela\/curso-fotografia\/curso-de-luminar-neo-para-fotografos-con-prisa-2025\/\" \/>\n<meta property=\"og:locale\" content=\"es_ES\" \/>\n<meta property=\"og:type\" content=\"article\" \/>\n<meta property=\"og:title\" content=\"Curso de Luminar NEO para Fotografos con prisa 2025 - Escuela de fotograf\u00eda\" \/>\n<meta property=\"og:description\" content=\"\u00bfEstas harto de tener que pasar horas y horas delante del ordenador, retocando meticulosamente cada foto para mejorarla? Si la respuesta es \u201cs\u00ed\u201d, presta atenci\u00f3n: Luminar NEO es el programa que necesitas.\" \/>\n<meta property=\"og:url\" content=\"https:\/\/hugorodriguez.com\/escuela\/curso-fotografia\/curso-de-luminar-neo-para-fotografos-con-prisa-2025\/\" \/>\n<meta property=\"og:site_name\" content=\"Escuela de fotograf\u00eda\" \/>\n<meta property=\"article:modified_time\" content=\"2025-05-08T18:07:41+00:00\" \/>\n<meta property=\"og:image\" content=\"https:\/\/hugorodriguez.com\/escuela\/wp-content\/uploads\/2025\/05\/Videocurso-Luminar-NEO-con-Prisa-Thumb-escuela-2025-660px.webp\" \/>\n\t<meta property=\"og:image:width\" content=\"660\" \/>\n\t<meta property=\"og:image:height\" content=\"452\" \/>\n\t<meta property=\"og:image:type\" content=\"image\/webp\" \/>\n<meta name=\"twitter:card\" content=\"summary_large_image\" \/>\n<meta name=\"twitter:label1\" content=\"Tiempo de lectura\" \/>\n\t<meta name=\"twitter:data1\" content=\"1 minuto\" \/>\n<script type=\"application\/ld+json\" class=\"yoast-schema-graph\">{\"@context\":\"https:\/\/schema.org\",\"@graph\":[{\"@type\":\"WebPage\",\"@id\":\"https:\/\/hugorodriguez.com\/escuela\/curso-fotografia\/curso-de-luminar-neo-para-fotografos-con-prisa-2025\/\",\"url\":\"https:\/\/hugorodriguez.com\/escuela\/curso-fotografia\/curso-de-luminar-neo-para-fotografos-con-prisa-2025\/\",\"name\":\"Curso de Luminar NEO para Fotografos con prisa 2025 - Escuela de fotograf\u00eda\",\"isPartOf\":{\"@id\":\"https:\/\/hugorodriguez.com\/escuela\/#website\"},\"primaryImageOfPage\":{\"@id\":\"https:\/\/hugorodriguez.com\/escuela\/curso-fotografia\/curso-de-luminar-neo-para-fotografos-con-prisa-2025\/#primaryimage\"},\"image\":{\"@id\":\"https:\/\/hugorodriguez.com\/escuela\/curso-fotografia\/curso-de-luminar-neo-para-fotografos-con-prisa-2025\/#primaryimage\"},\"thumbnailUrl\":\"https:\/\/hugorodriguez.com\/escuela\/wp-content\/uploads\/2025\/05\/Videocurso-Luminar-NEO-con-Prisa-Thumb-escuela-2025-660px.webp\",\"datePublished\":\"2025-05-08T17:43:29+00:00\",\"dateModified\":\"2025-05-08T18:07:41+00:00\",\"description\":\"\u00bfEstas harto de tener que pasar horas y horas delante del ordenador, retocando meticulosamente cada foto para mejorarla? Si la respuesta es \u201cs\u00ed\u201d, presta atenci\u00f3n: Luminar NEO es el programa que necesitas.\",\"breadcrumb\":{\"@id\":\"https:\/\/hugorodriguez.com\/escuela\/curso-fotografia\/curso-de-luminar-neo-para-fotografos-con-prisa-2025\/#breadcrumb\"},\"inLanguage\":\"es\",\"potentialAction\":[{\"@type\":\"ReadAction\",\"target\":[\"https:\/\/hugorodriguez.com\/escuela\/curso-fotografia\/curso-de-luminar-neo-para-fotografos-con-prisa-2025\/\"]}]},{\"@type\":\"ImageObject\",\"inLanguage\":\"es\",\"@id\":\"https:\/\/hugorodriguez.com\/escuela\/curso-fotografia\/curso-de-luminar-neo-para-fotografos-con-prisa-2025\/#primaryimage\",\"url\":\"https:\/\/hugorodriguez.com\/escuela\/wp-content\/uploads\/2025\/05\/Videocurso-Luminar-NEO-con-Prisa-Thumb-escuela-2025-660px.webp\",\"contentUrl\":\"https:\/\/hugorodriguez.com\/escuela\/wp-content\/uploads\/2025\/05\/Videocurso-Luminar-NEO-con-Prisa-Thumb-escuela-2025-660px.webp\",\"width\":660,\"height\":452},{\"@type\":\"BreadcrumbList\",\"@id\":\"https:\/\/hugorodriguez.com\/escuela\/curso-fotografia\/curso-de-luminar-neo-para-fotografos-con-prisa-2025\/#breadcrumb\",\"itemListElement\":[{\"@type\":\"ListItem\",\"position\":1,\"name\":\"Portada\",\"item\":\"https:\/\/hugorodriguez.com\/escuela\/\"},{\"@type\":\"ListItem\",\"position\":2,\"name\":\"Tienda\",\"item\":\"https:\/\/hugorodriguez.com\/escuela\/tienda\/\"},{\"@type\":\"ListItem\",\"position\":3,\"name\":\"Curso de Luminar NEO para Fotografos con prisa 2025\"}]},{\"@type\":\"WebSite\",\"@id\":\"https:\/\/hugorodriguez.com\/escuela\/#website\",\"url\":\"https:\/\/hugorodriguez.com\/escuela\/\",\"name\":\"Escuela de fotograf\u00eda\",\"description\":\"Escuela online de fotografia de Hugo Rodriguez\",\"publisher\":{\"@id\":\"https:\/\/hugorodriguez.com\/escuela\/#organization\"},\"potentialAction\":[{\"@type\":\"SearchAction\",\"target\":{\"@type\":\"EntryPoint\",\"urlTemplate\":\"https:\/\/hugorodriguez.com\/escuela\/?s={search_term_string}\"},\"query-input\":{\"@type\":\"PropertyValueSpecification\",\"valueRequired\":true,\"valueName\":\"search_term_string\"}}],\"inLanguage\":\"es\"},{\"@type\":\"Organization\",\"@id\":\"https:\/\/hugorodriguez.com\/escuela\/#organization\",\"name\":\"Escuela de fotograf\u00eda\",\"url\":\"https:\/\/hugorodriguez.com\/escuela\/\",\"logo\":{\"@type\":\"ImageObject\",\"inLanguage\":\"es\",\"@id\":\"https:\/\/hugorodriguez.com\/escuela\/#\/schema\/logo\/image\/\",\"url\":\"https:\/\/hugorodriguez.com\/escuela\/wp-content\/uploads\/2023\/11\/cropped-Loho-hugorodriguez-escuela.webp\",\"contentUrl\":\"https:\/\/hugorodriguez.com\/escuela\/wp-content\/uploads\/2023\/11\/cropped-Loho-hugorodriguez-escuela.webp\",\"width\":671,\"height\":201,\"caption\":\"Escuela de fotograf\u00eda\"},\"image\":{\"@id\":\"https:\/\/hugorodriguez.com\/escuela\/#\/schema\/logo\/image\/\"}}]}<\/script>\n<!-- \/ Yoast SEO plugin. -->","yoast_head_json":{"title":"Curso de Luminar NEO para Fotografos con prisa 2025 - Escuela de fotograf\u00eda","description":"\u00bfEstas harto de tener que pasar horas y horas delante del ordenador, retocando meticulosamente cada foto para mejorarla? Si la respuesta es \u201cs\u00ed\u201d, presta atenci\u00f3n: Luminar NEO es el programa que necesitas.","robots":{"index":"index","follow":"follow","max-snippet":"max-snippet:-1","max-image-preview":"max-image-preview:large","max-video-preview":"max-video-preview:-1"},"canonical":"https:\/\/hugorodriguez.com\/escuela\/curso-fotografia\/curso-de-luminar-neo-para-fotografos-con-prisa-2025\/","og_locale":"es_ES","og_type":"article","og_title":"Curso de Luminar NEO para Fotografos con prisa 2025 - Escuela de fotograf\u00eda","og_description":"\u00bfEstas harto de tener que pasar horas y horas delante del ordenador, retocando meticulosamente cada foto para mejorarla? Si la respuesta es \u201cs\u00ed\u201d, presta atenci\u00f3n: Luminar NEO es el programa que necesitas.","og_url":"https:\/\/hugorodriguez.com\/escuela\/curso-fotografia\/curso-de-luminar-neo-para-fotografos-con-prisa-2025\/","og_site_name":"Escuela de fotograf\u00eda","article_modified_time":"2025-05-08T18:07:41+00:00","og_image":[{"width":660,"height":452,"url":"https:\/\/hugorodriguez.com\/escuela\/wp-content\/uploads\/2025\/05\/Videocurso-Luminar-NEO-con-Prisa-Thumb-escuela-2025-660px.webp","type":"image\/webp"}],"twitter_card":"summary_large_image","twitter_misc":{"Tiempo de lectura":"1 minuto"},"schema":{"@context":"https:\/\/schema.org","@graph":[{"@type":"WebPage","@id":"https:\/\/hugorodriguez.com\/escuela\/curso-fotografia\/curso-de-luminar-neo-para-fotografos-con-prisa-2025\/","url":"https:\/\/hugorodriguez.com\/escuela\/curso-fotografia\/curso-de-luminar-neo-para-fotografos-con-prisa-2025\/","name":"Curso de Luminar NEO para Fotografos con prisa 2025 - Escuela de fotograf\u00eda","isPartOf":{"@id":"https:\/\/hugorodriguez.com\/escuela\/#website"},"primaryImageOfPage":{"@id":"https:\/\/hugorodriguez.com\/escuela\/curso-fotografia\/curso-de-luminar-neo-para-fotografos-con-prisa-2025\/#primaryimage"},"image":{"@id":"https:\/\/hugorodriguez.com\/escuela\/curso-fotografia\/curso-de-luminar-neo-para-fotografos-con-prisa-2025\/#primaryimage"},"thumbnailUrl":"https:\/\/hugorodriguez.com\/escuela\/wp-content\/uploads\/2025\/05\/Videocurso-Luminar-NEO-con-Prisa-Thumb-escuela-2025-660px.webp","datePublished":"2025-05-08T17:43:29+00:00","dateModified":"2025-05-08T18:07:41+00:00","description":"\u00bfEstas harto de tener que pasar horas y horas delante del ordenador, retocando meticulosamente cada foto para mejorarla? Si la respuesta es \u201cs\u00ed\u201d, presta atenci\u00f3n: Luminar NEO es el programa que necesitas.","breadcrumb":{"@id":"https:\/\/hugorodriguez.com\/escuela\/curso-fotografia\/curso-de-luminar-neo-para-fotografos-con-prisa-2025\/#breadcrumb"},"inLanguage":"es","potentialAction":[{"@type":"ReadAction","target":["https:\/\/hugorodriguez.com\/escuela\/curso-fotografia\/curso-de-luminar-neo-para-fotografos-con-prisa-2025\/"]}]},{"@type":"ImageObject","inLanguage":"es","@id":"https:\/\/hugorodriguez.com\/escuela\/curso-fotografia\/curso-de-luminar-neo-para-fotografos-con-prisa-2025\/#primaryimage","url":"https:\/\/hugorodriguez.com\/escuela\/wp-content\/uploads\/2025\/05\/Videocurso-Luminar-NEO-con-Prisa-Thumb-escuela-2025-660px.webp","contentUrl":"https:\/\/hugorodriguez.com\/escuela\/wp-content\/uploads\/2025\/05\/Videocurso-Luminar-NEO-con-Prisa-Thumb-escuela-2025-660px.webp","width":660,"height":452},{"@type":"BreadcrumbList","@id":"https:\/\/hugorodriguez.com\/escuela\/curso-fotografia\/curso-de-luminar-neo-para-fotografos-con-prisa-2025\/#breadcrumb","itemListElement":[{"@type":"ListItem","position":1,"name":"Portada","item":"https:\/\/hugorodriguez.com\/escuela\/"},{"@type":"ListItem","position":2,"name":"Tienda","item":"https:\/\/hugorodriguez.com\/escuela\/tienda\/"},{"@type":"ListItem","position":3,"name":"Curso de Luminar NEO para Fotografos con prisa 2025"}]},{"@type":"WebSite","@id":"https:\/\/hugorodriguez.com\/escuela\/#website","url":"https:\/\/hugorodriguez.com\/escuela\/","name":"Escuela de fotograf\u00eda","description":"Escuela online de fotografia de Hugo Rodriguez","publisher":{"@id":"https:\/\/hugorodriguez.com\/escuela\/#organization"},"potentialAction":[{"@type":"SearchAction","target":{"@type":"EntryPoint","urlTemplate":"https:\/\/hugorodriguez.com\/escuela\/?s={search_term_string}"},"query-input":{"@type":"PropertyValueSpecification","valueRequired":true,"valueName":"search_term_string"}}],"inLanguage":"es"},{"@type":"Organization","@id":"https:\/\/hugorodriguez.com\/escuela\/#organization","name":"Escuela de fotograf\u00eda","url":"https:\/\/hugorodriguez.com\/escuela\/","logo":{"@type":"ImageObject","inLanguage":"es","@id":"https:\/\/hugorodriguez.com\/escuela\/#\/schema\/logo\/image\/","url":"https:\/\/hugorodriguez.com\/escuela\/wp-content\/uploads\/2023\/11\/cropped-Loho-hugorodriguez-escuela.webp","contentUrl":"https:\/\/hugorodriguez.com\/escuela\/wp-content\/uploads\/2023\/11\/cropped-Loho-hugorodriguez-escuela.webp","width":671,"height":201,"caption":"Escuela de fotograf\u00eda"},"image":{"@id":"https:\/\/hugorodriguez.com\/escuela\/#\/schema\/logo\/image\/"}}]}},"uagb_featured_image_src":{"full":["https:\/\/hugorodriguez.com\/escuela\/wp-content\/uploads\/2025\/05\/Videocurso-Luminar-NEO-con-Prisa-Thumb-escuela-2025-660px.webp",660,452,false],"thumbnail":["https:\/\/hugorodriguez.com\/escuela\/wp-content\/uploads\/2025\/05\/Videocurso-Luminar-NEO-con-Prisa-Thumb-escuela-2025-660px-150x150.webp",150,150,true],"medium":["https:\/\/hugorodriguez.com\/escuela\/wp-content\/uploads\/2025\/05\/Videocurso-Luminar-NEO-con-Prisa-Thumb-escuela-2025-660px-300x205.webp",300,205,true],"medium_large":["https:\/\/hugorodriguez.com\/escuela\/wp-content\/uploads\/2025\/05\/Videocurso-Luminar-NEO-con-Prisa-Thumb-escuela-2025-660px.webp",660,452,false],"large":["https:\/\/hugorodriguez.com\/escuela\/wp-content\/uploads\/2025\/05\/Videocurso-Luminar-NEO-con-Prisa-Thumb-escuela-2025-660px.webp",660,452,false],"1536x1536":["https:\/\/hugorodriguez.com\/escuela\/wp-content\/uploads\/2025\/05\/Videocurso-Luminar-NEO-con-Prisa-Thumb-escuela-2025-660px.webp",660,452,false],"2048x2048":["https:\/\/hugorodriguez.com\/escuela\/wp-content\/uploads\/2025\/05\/Videocurso-Luminar-NEO-con-Prisa-Thumb-escuela-2025-660px.webp",660,452,false],"woocommerce_thumbnail":["https:\/\/hugorodriguez.com\/escuela\/wp-content\/uploads\/2025\/05\/Videocurso-Luminar-NEO-con-Prisa-Thumb-escuela-2025-660px-300x200.webp",300,200,true],"woocommerce_single":["https:\/\/hugorodriguez.com\/escuela\/wp-content\/uploads\/2025\/05\/Videocurso-Luminar-NEO-con-Prisa-Thumb-escuela-2025-660px-600x411.webp",600,411,true],"woocommerce_gallery_thumbnail":["https:\/\/hugorodriguez.com\/escuela\/wp-content\/uploads\/2025\/05\/Videocurso-Luminar-NEO-con-Prisa-Thumb-escuela-2025-660px-100x100.webp",100,100,true]},"uagb_author_info":{"display_name":"Hugo Rguez","author_link":"https:\/\/hugorodriguez.com\/escuela\/author\/"},"uagb_comment_info":0,"uagb_excerpt":"Aprende a manejar el editor de fotos basado en\u00a0iA que est\u00e1 revolucionando el mundillo fotogr\u00e1fico en un curso concentrado en poco m\u00e1s de 3h.","_links":{"self":[{"href":"https:\/\/hugorodriguez.com\/escuela\/wp-json\/wp\/v2\/product\/9284","targetHints":{"allow":["GET"]}}],"collection":[{"href":"https:\/\/hugorodriguez.com\/escuela\/wp-json\/wp\/v2\/product"}],"about":[{"href":"https:\/\/hugorodriguez.com\/escuela\/wp-json\/wp\/v2\/types\/product"}],"wp:featuredmedia":[{"embeddable":true,"href":"https:\/\/hugorodriguez.com\/escuela\/wp-json\/wp\/v2\/media\/9286"}],"wp:attachment":[{"href":"https:\/\/hugorodriguez.com\/escuela\/wp-json\/wp\/v2\/media?parent=9284"}],"wp:term":[{"taxonomy":"product_brand","embeddable":true,"href":"https:\/\/hugorodriguez.com\/escuela\/wp-json\/wp\/v2\/product_brand?post=9284"},{"taxonomy":"product_cat","embeddable":true,"href":"https:\/\/hugorodriguez.com\/escuela\/wp-json\/wp\/v2\/product_cat?post=9284"},{"taxonomy":"product_tag","embeddable":true,"href":"https:\/\/hugorodriguez.com\/escuela\/wp-json\/wp\/v2\/product_tag?post=9284"},{"taxonomy":"giftcard-category","embeddable":true,"href":"https:\/\/hugorodriguez.com\/escuela\/wp-json\/wp\/v2\/giftcard-category?post=9284"}],"curies":[{"name":"wp","href":"https:\/\/api.w.org\/{rel}","templated":true}]}}