{"id":8624,"date":"2025-02-18T09:14:15","date_gmt":"2025-02-18T08:14:15","guid":{"rendered":"https:\/\/hugorodriguez.com\/escuela\/?post_type=product&#038;p=8624"},"modified":"2025-02-18T09:14:15","modified_gmt":"2025-02-18T08:14:15","slug":"curso-3dlut-creator-fotografos-con-prisa","status":"publish","type":"product","link":"https:\/\/hugorodriguez.com\/escuela\/curso-fotografia\/curso-3dlut-creator-fotografos-con-prisa\/","title":{"rendered":"EDICION AVANZADA DE COLOR con 3DLUT CREATOR"},"content":{"rendered":"<p>Si cada vez que quieres retocar el color de una foto te parece que es como subir el Everest y tienes que dedicar horas y horas para cada peque\u00f1o retoque, te felicito: acabas de encontrar la soluci\u00f3n al problema. 3D LUT Creator es un programa de nueva generaci\u00f3n que no tiene nada que ver con nada existente. Su potencia y facilidad para modificar los tonos hace que Photoshop parezca un juguete a su lado.<\/p>\n<p>Este curso est\u00e1 dirigido a todos aquellos aficionados avanzados o profesionales que quieren aprender a editar el color con la herramienta m\u00e1s potente que existe para ello.<\/p>\n<h3 style=\"text-align: center;\"><a href=\"https:\/\/hugorodriguez.com\/escuela\/cursos\/curso-de-3dlut-creator\/\">IR A LA P\u00c1GINA DEL CURSO<\/a><\/h3>\n","protected":false},"excerpt":{"rendered":"<p>3D LUT Creator es un programa de nueva generaci\u00f3n que no tiene nada que ver con nada existente. Su potencia para modificar los colores hace que Photoshop parezca un juguete a su lado.<\/p>\n","protected":false},"featured_media":2791,"template":"","meta":{"_uag_custom_page_level_css":"","site-sidebar-layout":"default","site-content-layout":"","ast-site-content-layout":"default","site-content-style":"default","site-sidebar-style":"default","ast-global-header-display":"","ast-banner-title-visibility":"","ast-main-header-display":"","ast-hfb-above-header-display":"","ast-hfb-below-header-display":"","ast-hfb-mobile-header-display":"","site-post-title":"","ast-breadcrumbs-content":"","ast-featured-img":"","footer-sml-layout":"","theme-transparent-header-meta":"default","adv-header-id-meta":"","stick-header-meta":"default","header-above-stick-meta":"","header-main-stick-meta":"","header-below-stick-meta":"","astra-migrate-meta-layouts":"set","ast-page-background-enabled":"default","ast-page-background-meta":{"desktop":{"background-color":"","background-image":"","background-repeat":"repeat","background-position":"center center","background-size":"auto","background-attachment":"scroll","background-type":"","background-media":"","overlay-type":"","overlay-color":"","overlay-gradient":""},"tablet":{"background-color":"","background-image":"","background-repeat":"repeat","background-position":"center center","background-size":"auto","background-attachment":"scroll","background-type":"","background-media":"","overlay-type":"","overlay-color":"","overlay-gradient":""},"mobile":{"background-color":"","background-image":"","background-repeat":"repeat","background-position":"center center","background-size":"auto","background-attachment":"scroll","background-type":"","background-media":"","overlay-type":"","overlay-color":"","overlay-gradient":""}},"ast-content-background-meta":{"desktop":{"background-color":"var(--ast-global-color-5)","background-image":"","background-repeat":"repeat","background-position":"center center","background-size":"auto","background-attachment":"scroll","background-type":"","background-media":"","overlay-type":"","overlay-color":"","overlay-gradient":""},"tablet":{"background-color":"var(--ast-global-color-5)","background-image":"","background-repeat":"repeat","background-position":"center center","background-size":"auto","background-attachment":"scroll","background-type":"","background-media":"","overlay-type":"","overlay-color":"","overlay-gradient":""},"mobile":{"background-color":"var(--ast-global-color-5)","background-image":"","background-repeat":"repeat","background-position":"center center","background-size":"auto","background-attachment":"scroll","background-type":"","background-media":"","overlay-type":"","overlay-color":"","overlay-gradient":""}}},"product_brand":[],"product_cat":[60,66],"product_tag":[],"giftcard-category":[],"class_list":{"0":"post-8624","1":"product","2":"type-product","3":"status-publish","4":"has-post-thumbnail","6":"product_cat-gestion-del-color","7":"product_cat-para-fotografos-con-prisa","8":"desktop-align-left","9":"tablet-align-left","10":"mobile-align-left","11":"ast-product-gallery-layout-horizontal-slider","12":"ast-product-gallery-with-no-image","13":"ast-product-tabs-layout-horizontal","15":"first","16":"instock","17":"virtual","18":"sold-individually","19":"taxable","20":"purchasable","21":"product-type-simple"},"yoast_head":"<!-- This site is optimized with the Yoast SEO plugin v26.8 - https:\/\/yoast.com\/product\/yoast-seo-wordpress\/ -->\n<title>EDICION AVANZADA DE COLOR con 3DLUT CREATOR - Escuela de fotograf\u00eda<\/title>\n<meta name=\"description\" content=\"3D LUT Creator es un programa de nueva generaci\u00f3n que no tiene nada que ver con nada existente. Su potencia para modificar los colores hace que Photoshop parezca un juguete a su lado.\" \/>\n<meta name=\"robots\" content=\"index, follow, max-snippet:-1, max-image-preview:large, max-video-preview:-1\" \/>\n<link rel=\"canonical\" href=\"https:\/\/hugorodriguez.com\/escuela\/curso-fotografia\/curso-3dlut-creator-fotografos-con-prisa\/\" \/>\n<meta property=\"og:locale\" content=\"es_ES\" \/>\n<meta property=\"og:type\" content=\"article\" \/>\n<meta property=\"og:title\" content=\"EDICION AVANZADA DE COLOR con 3DLUT CREATOR - Escuela de fotograf\u00eda\" \/>\n<meta property=\"og:description\" content=\"3D LUT Creator es un programa de nueva generaci\u00f3n que no tiene nada que ver con nada existente. Su potencia para modificar los colores hace que Photoshop parezca un juguete a su lado.\" \/>\n<meta property=\"og:url\" content=\"https:\/\/hugorodriguez.com\/escuela\/curso-fotografia\/curso-3dlut-creator-fotografos-con-prisa\/\" \/>\n<meta property=\"og:site_name\" content=\"Escuela de fotograf\u00eda\" \/>\n<meta property=\"og:image\" content=\"https:\/\/hugorodriguez.com\/escuela\/wp-content\/uploads\/2023\/12\/Thumb-3DLUT-Creator-960px.webp\" \/>\n\t<meta property=\"og:image:width\" content=\"960\" \/>\n\t<meta property=\"og:image:height\" content=\"660\" \/>\n\t<meta property=\"og:image:type\" content=\"image\/webp\" \/>\n<meta name=\"twitter:card\" content=\"summary_large_image\" \/>\n<meta name=\"twitter:label1\" content=\"Tiempo de lectura\" \/>\n\t<meta name=\"twitter:data1\" content=\"1 minuto\" \/>\n<script type=\"application\/ld+json\" class=\"yoast-schema-graph\">{\"@context\":\"https:\/\/schema.org\",\"@graph\":[{\"@type\":\"WebPage\",\"@id\":\"https:\/\/hugorodriguez.com\/escuela\/curso-fotografia\/curso-3dlut-creator-fotografos-con-prisa\/\",\"url\":\"https:\/\/hugorodriguez.com\/escuela\/curso-fotografia\/curso-3dlut-creator-fotografos-con-prisa\/\",\"name\":\"EDICION AVANZADA DE COLOR con 3DLUT CREATOR - Escuela de fotograf\u00eda\",\"isPartOf\":{\"@id\":\"https:\/\/hugorodriguez.com\/escuela\/#website\"},\"primaryImageOfPage\":{\"@id\":\"https:\/\/hugorodriguez.com\/escuela\/curso-fotografia\/curso-3dlut-creator-fotografos-con-prisa\/#primaryimage\"},\"image\":{\"@id\":\"https:\/\/hugorodriguez.com\/escuela\/curso-fotografia\/curso-3dlut-creator-fotografos-con-prisa\/#primaryimage\"},\"thumbnailUrl\":\"https:\/\/hugorodriguez.com\/escuela\/wp-content\/uploads\/2023\/12\/Thumb-3DLUT-Creator-960px.webp\",\"datePublished\":\"2025-02-18T08:14:15+00:00\",\"description\":\"3D LUT Creator es un programa de nueva generaci\u00f3n que no tiene nada que ver con nada existente. Su potencia para modificar los colores hace que Photoshop parezca un juguete a su lado.\",\"breadcrumb\":{\"@id\":\"https:\/\/hugorodriguez.com\/escuela\/curso-fotografia\/curso-3dlut-creator-fotografos-con-prisa\/#breadcrumb\"},\"inLanguage\":\"es\",\"potentialAction\":[{\"@type\":\"ReadAction\",\"target\":[\"https:\/\/hugorodriguez.com\/escuela\/curso-fotografia\/curso-3dlut-creator-fotografos-con-prisa\/\"]}]},{\"@type\":\"ImageObject\",\"inLanguage\":\"es\",\"@id\":\"https:\/\/hugorodriguez.com\/escuela\/curso-fotografia\/curso-3dlut-creator-fotografos-con-prisa\/#primaryimage\",\"url\":\"https:\/\/hugorodriguez.com\/escuela\/wp-content\/uploads\/2023\/12\/Thumb-3DLUT-Creator-960px.webp\",\"contentUrl\":\"https:\/\/hugorodriguez.com\/escuela\/wp-content\/uploads\/2023\/12\/Thumb-3DLUT-Creator-960px.webp\",\"width\":960,\"height\":660},{\"@type\":\"BreadcrumbList\",\"@id\":\"https:\/\/hugorodriguez.com\/escuela\/curso-fotografia\/curso-3dlut-creator-fotografos-con-prisa\/#breadcrumb\",\"itemListElement\":[{\"@type\":\"ListItem\",\"position\":1,\"name\":\"Portada\",\"item\":\"https:\/\/hugorodriguez.com\/escuela\/\"},{\"@type\":\"ListItem\",\"position\":2,\"name\":\"Tienda\",\"item\":\"https:\/\/hugorodriguez.com\/escuela\/tienda\/\"},{\"@type\":\"ListItem\",\"position\":3,\"name\":\"EDICION AVANZADA DE COLOR con 3DLUT CREATOR\"}]},{\"@type\":\"WebSite\",\"@id\":\"https:\/\/hugorodriguez.com\/escuela\/#website\",\"url\":\"https:\/\/hugorodriguez.com\/escuela\/\",\"name\":\"Escuela de fotograf\u00eda\",\"description\":\"Escuela online de fotografia de Hugo Rodriguez\",\"publisher\":{\"@id\":\"https:\/\/hugorodriguez.com\/escuela\/#organization\"},\"potentialAction\":[{\"@type\":\"SearchAction\",\"target\":{\"@type\":\"EntryPoint\",\"urlTemplate\":\"https:\/\/hugorodriguez.com\/escuela\/?s={search_term_string}\"},\"query-input\":{\"@type\":\"PropertyValueSpecification\",\"valueRequired\":true,\"valueName\":\"search_term_string\"}}],\"inLanguage\":\"es\"},{\"@type\":\"Organization\",\"@id\":\"https:\/\/hugorodriguez.com\/escuela\/#organization\",\"name\":\"Escuela de fotograf\u00eda\",\"url\":\"https:\/\/hugorodriguez.com\/escuela\/\",\"logo\":{\"@type\":\"ImageObject\",\"inLanguage\":\"es\",\"@id\":\"https:\/\/hugorodriguez.com\/escuela\/#\/schema\/logo\/image\/\",\"url\":\"https:\/\/hugorodriguez.com\/escuela\/wp-content\/uploads\/2023\/11\/cropped-Loho-hugorodriguez-escuela.webp\",\"contentUrl\":\"https:\/\/hugorodriguez.com\/escuela\/wp-content\/uploads\/2023\/11\/cropped-Loho-hugorodriguez-escuela.webp\",\"width\":671,\"height\":201,\"caption\":\"Escuela de fotograf\u00eda\"},\"image\":{\"@id\":\"https:\/\/hugorodriguez.com\/escuela\/#\/schema\/logo\/image\/\"}}]}<\/script>\n<!-- \/ Yoast SEO plugin. -->","yoast_head_json":{"title":"EDICION AVANZADA DE COLOR con 3DLUT CREATOR - Escuela de fotograf\u00eda","description":"3D LUT Creator es un programa de nueva generaci\u00f3n que no tiene nada que ver con nada existente. Su potencia para modificar los colores hace que Photoshop parezca un juguete a su lado.","robots":{"index":"index","follow":"follow","max-snippet":"max-snippet:-1","max-image-preview":"max-image-preview:large","max-video-preview":"max-video-preview:-1"},"canonical":"https:\/\/hugorodriguez.com\/escuela\/curso-fotografia\/curso-3dlut-creator-fotografos-con-prisa\/","og_locale":"es_ES","og_type":"article","og_title":"EDICION AVANZADA DE COLOR con 3DLUT CREATOR - Escuela de fotograf\u00eda","og_description":"3D LUT Creator es un programa de nueva generaci\u00f3n que no tiene nada que ver con nada existente. Su potencia para modificar los colores hace que Photoshop parezca un juguete a su lado.","og_url":"https:\/\/hugorodriguez.com\/escuela\/curso-fotografia\/curso-3dlut-creator-fotografos-con-prisa\/","og_site_name":"Escuela de fotograf\u00eda","og_image":[{"width":960,"height":660,"url":"https:\/\/hugorodriguez.com\/escuela\/wp-content\/uploads\/2023\/12\/Thumb-3DLUT-Creator-960px.webp","type":"image\/webp"}],"twitter_card":"summary_large_image","twitter_misc":{"Tiempo de lectura":"1 minuto"},"schema":{"@context":"https:\/\/schema.org","@graph":[{"@type":"WebPage","@id":"https:\/\/hugorodriguez.com\/escuela\/curso-fotografia\/curso-3dlut-creator-fotografos-con-prisa\/","url":"https:\/\/hugorodriguez.com\/escuela\/curso-fotografia\/curso-3dlut-creator-fotografos-con-prisa\/","name":"EDICION AVANZADA DE COLOR con 3DLUT CREATOR - Escuela de fotograf\u00eda","isPartOf":{"@id":"https:\/\/hugorodriguez.com\/escuela\/#website"},"primaryImageOfPage":{"@id":"https:\/\/hugorodriguez.com\/escuela\/curso-fotografia\/curso-3dlut-creator-fotografos-con-prisa\/#primaryimage"},"image":{"@id":"https:\/\/hugorodriguez.com\/escuela\/curso-fotografia\/curso-3dlut-creator-fotografos-con-prisa\/#primaryimage"},"thumbnailUrl":"https:\/\/hugorodriguez.com\/escuela\/wp-content\/uploads\/2023\/12\/Thumb-3DLUT-Creator-960px.webp","datePublished":"2025-02-18T08:14:15+00:00","description":"3D LUT Creator es un programa de nueva generaci\u00f3n que no tiene nada que ver con nada existente. Su potencia para modificar los colores hace que Photoshop parezca un juguete a su lado.","breadcrumb":{"@id":"https:\/\/hugorodriguez.com\/escuela\/curso-fotografia\/curso-3dlut-creator-fotografos-con-prisa\/#breadcrumb"},"inLanguage":"es","potentialAction":[{"@type":"ReadAction","target":["https:\/\/hugorodriguez.com\/escuela\/curso-fotografia\/curso-3dlut-creator-fotografos-con-prisa\/"]}]},{"@type":"ImageObject","inLanguage":"es","@id":"https:\/\/hugorodriguez.com\/escuela\/curso-fotografia\/curso-3dlut-creator-fotografos-con-prisa\/#primaryimage","url":"https:\/\/hugorodriguez.com\/escuela\/wp-content\/uploads\/2023\/12\/Thumb-3DLUT-Creator-960px.webp","contentUrl":"https:\/\/hugorodriguez.com\/escuela\/wp-content\/uploads\/2023\/12\/Thumb-3DLUT-Creator-960px.webp","width":960,"height":660},{"@type":"BreadcrumbList","@id":"https:\/\/hugorodriguez.com\/escuela\/curso-fotografia\/curso-3dlut-creator-fotografos-con-prisa\/#breadcrumb","itemListElement":[{"@type":"ListItem","position":1,"name":"Portada","item":"https:\/\/hugorodriguez.com\/escuela\/"},{"@type":"ListItem","position":2,"name":"Tienda","item":"https:\/\/hugorodriguez.com\/escuela\/tienda\/"},{"@type":"ListItem","position":3,"name":"EDICION AVANZADA DE COLOR con 3DLUT CREATOR"}]},{"@type":"WebSite","@id":"https:\/\/hugorodriguez.com\/escuela\/#website","url":"https:\/\/hugorodriguez.com\/escuela\/","name":"Escuela de fotograf\u00eda","description":"Escuela online de fotografia de Hugo Rodriguez","publisher":{"@id":"https:\/\/hugorodriguez.com\/escuela\/#organization"},"potentialAction":[{"@type":"SearchAction","target":{"@type":"EntryPoint","urlTemplate":"https:\/\/hugorodriguez.com\/escuela\/?s={search_term_string}"},"query-input":{"@type":"PropertyValueSpecification","valueRequired":true,"valueName":"search_term_string"}}],"inLanguage":"es"},{"@type":"Organization","@id":"https:\/\/hugorodriguez.com\/escuela\/#organization","name":"Escuela de fotograf\u00eda","url":"https:\/\/hugorodriguez.com\/escuela\/","logo":{"@type":"ImageObject","inLanguage":"es","@id":"https:\/\/hugorodriguez.com\/escuela\/#\/schema\/logo\/image\/","url":"https:\/\/hugorodriguez.com\/escuela\/wp-content\/uploads\/2023\/11\/cropped-Loho-hugorodriguez-escuela.webp","contentUrl":"https:\/\/hugorodriguez.com\/escuela\/wp-content\/uploads\/2023\/11\/cropped-Loho-hugorodriguez-escuela.webp","width":671,"height":201,"caption":"Escuela de fotograf\u00eda"},"image":{"@id":"https:\/\/hugorodriguez.com\/escuela\/#\/schema\/logo\/image\/"}}]}},"uagb_featured_image_src":{"full":["https:\/\/hugorodriguez.com\/escuela\/wp-content\/uploads\/2023\/12\/Thumb-3DLUT-Creator-960px.webp",960,660,false],"thumbnail":["https:\/\/hugorodriguez.com\/escuela\/wp-content\/uploads\/2023\/12\/Thumb-3DLUT-Creator-960px-150x150.webp",150,150,true],"medium":["https:\/\/hugorodriguez.com\/escuela\/wp-content\/uploads\/2023\/12\/Thumb-3DLUT-Creator-960px-300x206.webp",300,206,true],"medium_large":["https:\/\/hugorodriguez.com\/escuela\/wp-content\/uploads\/2023\/12\/Thumb-3DLUT-Creator-960px-768x528.webp",768,528,true],"large":["https:\/\/hugorodriguez.com\/escuela\/wp-content\/uploads\/2023\/12\/Thumb-3DLUT-Creator-960px.webp",960,660,false],"1536x1536":["https:\/\/hugorodriguez.com\/escuela\/wp-content\/uploads\/2023\/12\/Thumb-3DLUT-Creator-960px.webp",960,660,false],"2048x2048":["https:\/\/hugorodriguez.com\/escuela\/wp-content\/uploads\/2023\/12\/Thumb-3DLUT-Creator-960px.webp",960,660,false],"woocommerce_thumbnail":["https:\/\/hugorodriguez.com\/escuela\/wp-content\/uploads\/2023\/12\/Thumb-3DLUT-Creator-960px-300x200.webp",300,200,true],"woocommerce_single":["https:\/\/hugorodriguez.com\/escuela\/wp-content\/uploads\/2023\/12\/Thumb-3DLUT-Creator-960px-600x413.webp",600,413,true],"woocommerce_gallery_thumbnail":["https:\/\/hugorodriguez.com\/escuela\/wp-content\/uploads\/2023\/12\/Thumb-3DLUT-Creator-960px-100x100.webp",100,100,true]},"uagb_author_info":{"display_name":"Hugo Rguez","author_link":"https:\/\/hugorodriguez.com\/escuela\/author\/"},"uagb_comment_info":0,"uagb_excerpt":"3D LUT Creator es un programa de nueva generaci\u00f3n que no tiene nada que ver con nada existente. Su potencia para modificar los colores hace que Photoshop parezca un juguete a su lado.","_links":{"self":[{"href":"https:\/\/hugorodriguez.com\/escuela\/wp-json\/wp\/v2\/product\/8624","targetHints":{"allow":["GET"]}}],"collection":[{"href":"https:\/\/hugorodriguez.com\/escuela\/wp-json\/wp\/v2\/product"}],"about":[{"href":"https:\/\/hugorodriguez.com\/escuela\/wp-json\/wp\/v2\/types\/product"}],"wp:featuredmedia":[{"embeddable":true,"href":"https:\/\/hugorodriguez.com\/escuela\/wp-json\/wp\/v2\/media\/2791"}],"wp:attachment":[{"href":"https:\/\/hugorodriguez.com\/escuela\/wp-json\/wp\/v2\/media?parent=8624"}],"wp:term":[{"taxonomy":"product_brand","embeddable":true,"href":"https:\/\/hugorodriguez.com\/escuela\/wp-json\/wp\/v2\/product_brand?post=8624"},{"taxonomy":"product_cat","embeddable":true,"href":"https:\/\/hugorodriguez.com\/escuela\/wp-json\/wp\/v2\/product_cat?post=8624"},{"taxonomy":"product_tag","embeddable":true,"href":"https:\/\/hugorodriguez.com\/escuela\/wp-json\/wp\/v2\/product_tag?post=8624"},{"taxonomy":"giftcard-category","embeddable":true,"href":"https:\/\/hugorodriguez.com\/escuela\/wp-json\/wp\/v2\/giftcard-category?post=8624"}],"curies":[{"name":"wp","href":"https:\/\/api.w.org\/{rel}","templated":true}]}}