{"id":8018,"date":"2025-02-18T09:14:15","date_gmt":"2025-02-18T08:14:15","guid":{"rendered":"https:\/\/hugorodriguez.com\/escuela\/?post_type=product&#038;p=8018"},"modified":"2025-12-27T18:27:36","modified_gmt":"2025-12-27T17:27:36","slug":"olympus-om-system-camera-master-course","status":"publish","type":"product","link":"https:\/\/hugorodriguez.com\/escuela\/curso-fotografia\/olympus-om-system-camera-master-course\/","title":{"rendered":"OLYMPUS\/OM System Camera Master Course"},"content":{"rendered":"\r\n<p><img loading=\"lazy\" decoding=\"async\" class=\"aligncenter size-full wp-image-7210\" src=\"https:\/\/hugorodriguez.com\/escuela\/wp-content\/uploads\/2024\/08\/OM-1-side-view-black-alfa2.webp\" alt=\"\" width=\"800\" height=\"250\" srcset=\"https:\/\/hugorodriguez.com\/escuela\/wp-content\/uploads\/2024\/08\/OM-1-side-view-black-alfa2.webp 800w, https:\/\/hugorodriguez.com\/escuela\/wp-content\/uploads\/2024\/08\/OM-1-side-view-black-alfa2-600x188.webp 600w, https:\/\/hugorodriguez.com\/escuela\/wp-content\/uploads\/2024\/08\/OM-1-side-view-black-alfa2-300x94.webp 300w, https:\/\/hugorodriguez.com\/escuela\/wp-content\/uploads\/2024\/08\/OM-1-side-view-black-alfa2-768x240.webp 768w\" sizes=\"auto, (max-width: 800px) 100vw, 800px\" \/><\/p>\r\n<p>Este curso est\u00e1 dirigido a todos aquellos aficionados de nivel medio, alto o profesionales que quieren descubrir c\u00f3mo exprimir al m\u00e1ximo su c\u00e1mara para poder obtener tanto mejores im\u00e1genes, como para obtenerlas con menos esfuerzo. <span style=\"font-size: 16px;\">Pero tambi\u00e9n est\u00e1 dirigido a aqu\u00e9llos que acaban de cambiar de marca de c\u00e1mara y se sienten perdidos con todas las funciones y men\u00fas de su nueva c\u00e1mara OM System, pues con este curso te familizar\u00e1s con tu nueva OM System en tiempo r\u00e9cord. No s\u00f3lo conocer\u00e1s el manejo general, sino que alcanzar\u00e1s ese nivel de confianza que ten\u00edas con tu anterior c\u00e1mara, que ya te conoc\u00edas a fondo despu\u00e9s de a\u00f1os con ella.<\/span><\/p>\r\n<h3 style=\"text-align: center;\"><span style=\"color: #00ccff;\"><a style=\"color: #00ccff;\" href=\"https:\/\/hugorodriguez.com\/escuela\/cursos\/olympus-camera-master-course\/\">IR A LA P\u00c1GINA DEL CURSO<\/a><\/span><\/h3>\r\n\r\n\r\n\r\n<p>Este curso es para <strong>c\u00e1maras OLYMPUS y OM System con nuevos men\u00fas<\/strong> (desde la OM-1 en adelante).<\/p>\r\n","protected":false},"excerpt":{"rendered":"<p>Un curso de nivel avanzado para entender tu c\u00e1mara a fondo y conocer d\u00f3nde est\u00e1n realmente todas las funciones importantes, aqu\u00e9llas que se necesitan usar en los 5 momentos fotogr\u00e1ficos m\u00e1s importantes: al encuadrar, al enfocar, midiendo la exposici\u00f3n, en la captura y en la revisi\u00f3n posterior al disparo. No existe en todo Internet ning\u00fan otro curso como este, ni en lengua espa\u00f1ola ni en ingl\u00e9s. Con m\u00e1s de 9h de informaci\u00f3n de alta calidad y por este precio, \u00bfte lo vas a pensar mucho?<\/p>\n<p><!-- \/wp:paragraph --><\/p>\n<p><!-- wp:paragraph --><\/p>\n<p>Este curso es para <strong>c\u00e1maras OLYMPUS y OM System con nuevos men\u00fas<\/strong> (desde la OM-1 en adelante).<\/p>\n","protected":false},"featured_media":8562,"template":"","meta":{"_uag_custom_page_level_css":"","site-sidebar-layout":"default","site-content-layout":"","ast-site-content-layout":"default","site-content-style":"default","site-sidebar-style":"default","ast-global-header-display":"","ast-banner-title-visibility":"","ast-main-header-display":"","ast-hfb-above-header-display":"","ast-hfb-below-header-display":"","ast-hfb-mobile-header-display":"","site-post-title":"","ast-breadcrumbs-content":"","ast-featured-img":"","footer-sml-layout":"","theme-transparent-header-meta":"default","adv-header-id-meta":"","stick-header-meta":"default","header-above-stick-meta":"","header-main-stick-meta":"","header-below-stick-meta":"","astra-migrate-meta-layouts":"set","ast-page-background-enabled":"default","ast-page-background-meta":{"desktop":{"background-color":"","background-image":"","background-repeat":"repeat","background-position":"center center","background-size":"auto","background-attachment":"scroll","background-type":"","background-media":"","overlay-type":"","overlay-color":"","overlay-gradient":""},"tablet":{"background-color":"","background-image":"","background-repeat":"repeat","background-position":"center center","background-size":"auto","background-attachment":"scroll","background-type":"","background-media":"","overlay-type":"","overlay-color":"","overlay-gradient":""},"mobile":{"background-color":"","background-image":"","background-repeat":"repeat","background-position":"center center","background-size":"auto","background-attachment":"scroll","background-type":"","background-media":"","overlay-type":"","overlay-color":"","overlay-gradient":""}},"ast-content-background-meta":{"desktop":{"background-color":"var(--ast-global-color-5)","background-image":"","background-repeat":"repeat","background-position":"center center","background-size":"auto","background-attachment":"scroll","background-type":"","background-media":"","overlay-type":"","overlay-color":"","overlay-gradient":""},"tablet":{"background-color":"var(--ast-global-color-5)","background-image":"","background-repeat":"repeat","background-position":"center center","background-size":"auto","background-attachment":"scroll","background-type":"","background-media":"","overlay-type":"","overlay-color":"","overlay-gradient":""},"mobile":{"background-color":"var(--ast-global-color-5)","background-image":"","background-repeat":"repeat","background-position":"center center","background-size":"auto","background-attachment":"scroll","background-type":"","background-media":"","overlay-type":"","overlay-color":"","overlay-gradient":""}}},"product_brand":[],"product_cat":[55],"product_tag":[],"giftcard-category":[],"class_list":{"0":"post-8018","1":"product","2":"type-product","3":"status-publish","4":"has-post-thumbnail","6":"product_cat-camara","7":"desktop-align-left","8":"tablet-align-left","9":"mobile-align-left","10":"ast-product-gallery-layout-horizontal-slider","11":"ast-product-gallery-with-no-image","12":"ast-product-tabs-layout-horizontal","14":"first","15":"instock","16":"virtual","17":"sold-individually","18":"taxable","19":"purchasable","20":"product-type-simple"},"yoast_head":"<!-- This site is optimized with the Yoast SEO plugin v26.8 - https:\/\/yoast.com\/product\/yoast-seo-wordpress\/ -->\n<title>OLYMPUS\/OM System Camera Master Course - Escuela de fotograf\u00eda<\/title>\n<meta name=\"description\" content=\"OLYMPUS-OM SYSTEM Camera Master Course. Este curso est\u00e1 dirigido a todos aquellos aficionados de nivel medio, alto o profesionales que quieren descubrir c\u00f3mo exprimir al m\u00e1ximo su c\u00e1mara para poder obtener tanto mejores im\u00e1genes, como para obtenerlas con menos esfuerzo.\" \/>\n<meta name=\"robots\" content=\"index, follow, max-snippet:-1, max-image-preview:large, max-video-preview:-1\" \/>\n<link rel=\"canonical\" href=\"https:\/\/hugorodriguez.com\/escuela\/curso-fotografia\/olympus-om-system-camera-master-course\/\" \/>\n<meta property=\"og:locale\" content=\"es_ES\" \/>\n<meta property=\"og:type\" content=\"article\" \/>\n<meta property=\"og:title\" content=\"OLYMPUS\/OM System Camera Master Course - Escuela de fotograf\u00eda\" \/>\n<meta property=\"og:description\" content=\"OLYMPUS-OM SYSTEM Camera Master Course. Este curso est\u00e1 dirigido a todos aquellos aficionados de nivel medio, alto o profesionales que quieren descubrir c\u00f3mo exprimir al m\u00e1ximo su c\u00e1mara para poder obtener tanto mejores im\u00e1genes, como para obtenerlas con menos esfuerzo.\" \/>\n<meta property=\"og:url\" content=\"https:\/\/hugorodriguez.com\/escuela\/curso-fotografia\/olympus-om-system-camera-master-course\/\" \/>\n<meta property=\"og:site_name\" content=\"Escuela de fotograf\u00eda\" \/>\n<meta property=\"article:modified_time\" content=\"2025-12-27T17:27:36+00:00\" \/>\n<meta property=\"og:image\" content=\"https:\/\/hugorodriguez.com\/escuela\/wp-content\/uploads\/2025\/01\/Videocurso-Master-CAM-Olympus-02-960px.webp\" \/>\n\t<meta property=\"og:image:width\" content=\"960\" \/>\n\t<meta property=\"og:image:height\" content=\"659\" \/>\n\t<meta property=\"og:image:type\" content=\"image\/webp\" \/>\n<meta name=\"twitter:card\" content=\"summary_large_image\" \/>\n<meta name=\"twitter:label1\" content=\"Tiempo de lectura\" \/>\n\t<meta name=\"twitter:data1\" content=\"2 minutos\" \/>\n<script type=\"application\/ld+json\" class=\"yoast-schema-graph\">{\"@context\":\"https:\/\/schema.org\",\"@graph\":[{\"@type\":\"WebPage\",\"@id\":\"https:\/\/hugorodriguez.com\/escuela\/curso-fotografia\/olympus-om-system-camera-master-course\/\",\"url\":\"https:\/\/hugorodriguez.com\/escuela\/curso-fotografia\/olympus-om-system-camera-master-course\/\",\"name\":\"OLYMPUS\/OM System Camera Master Course - Escuela de fotograf\u00eda\",\"isPartOf\":{\"@id\":\"https:\/\/hugorodriguez.com\/escuela\/#website\"},\"primaryImageOfPage\":{\"@id\":\"https:\/\/hugorodriguez.com\/escuela\/curso-fotografia\/olympus-om-system-camera-master-course\/#primaryimage\"},\"image\":{\"@id\":\"https:\/\/hugorodriguez.com\/escuela\/curso-fotografia\/olympus-om-system-camera-master-course\/#primaryimage\"},\"thumbnailUrl\":\"https:\/\/hugorodriguez.com\/escuela\/wp-content\/uploads\/2025\/01\/Videocurso-Master-CAM-Olympus-02-960px.webp\",\"datePublished\":\"2025-02-18T08:14:15+00:00\",\"dateModified\":\"2025-12-27T17:27:36+00:00\",\"description\":\"OLYMPUS-OM SYSTEM Camera Master Course. Este curso est\u00e1 dirigido a todos aquellos aficionados de nivel medio, alto o profesionales que quieren descubrir c\u00f3mo exprimir al m\u00e1ximo su c\u00e1mara para poder obtener tanto mejores im\u00e1genes, como para obtenerlas con menos esfuerzo.\",\"breadcrumb\":{\"@id\":\"https:\/\/hugorodriguez.com\/escuela\/curso-fotografia\/olympus-om-system-camera-master-course\/#breadcrumb\"},\"inLanguage\":\"es\",\"potentialAction\":[{\"@type\":\"ReadAction\",\"target\":[\"https:\/\/hugorodriguez.com\/escuela\/curso-fotografia\/olympus-om-system-camera-master-course\/\"]}]},{\"@type\":\"ImageObject\",\"inLanguage\":\"es\",\"@id\":\"https:\/\/hugorodriguez.com\/escuela\/curso-fotografia\/olympus-om-system-camera-master-course\/#primaryimage\",\"url\":\"https:\/\/hugorodriguez.com\/escuela\/wp-content\/uploads\/2025\/01\/Videocurso-Master-CAM-Olympus-02-960px.webp\",\"contentUrl\":\"https:\/\/hugorodriguez.com\/escuela\/wp-content\/uploads\/2025\/01\/Videocurso-Master-CAM-Olympus-02-960px.webp\",\"width\":960,\"height\":659},{\"@type\":\"BreadcrumbList\",\"@id\":\"https:\/\/hugorodriguez.com\/escuela\/curso-fotografia\/olympus-om-system-camera-master-course\/#breadcrumb\",\"itemListElement\":[{\"@type\":\"ListItem\",\"position\":1,\"name\":\"Portada\",\"item\":\"https:\/\/hugorodriguez.com\/escuela\/\"},{\"@type\":\"ListItem\",\"position\":2,\"name\":\"Tienda\",\"item\":\"https:\/\/hugorodriguez.com\/escuela\/tienda\/\"},{\"@type\":\"ListItem\",\"position\":3,\"name\":\"OLYMPUS\/OM System Camera Master Course\"}]},{\"@type\":\"WebSite\",\"@id\":\"https:\/\/hugorodriguez.com\/escuela\/#website\",\"url\":\"https:\/\/hugorodriguez.com\/escuela\/\",\"name\":\"Escuela de fotograf\u00eda\",\"description\":\"Escuela online de fotografia de Hugo Rodriguez\",\"publisher\":{\"@id\":\"https:\/\/hugorodriguez.com\/escuela\/#organization\"},\"potentialAction\":[{\"@type\":\"SearchAction\",\"target\":{\"@type\":\"EntryPoint\",\"urlTemplate\":\"https:\/\/hugorodriguez.com\/escuela\/?s={search_term_string}\"},\"query-input\":{\"@type\":\"PropertyValueSpecification\",\"valueRequired\":true,\"valueName\":\"search_term_string\"}}],\"inLanguage\":\"es\"},{\"@type\":\"Organization\",\"@id\":\"https:\/\/hugorodriguez.com\/escuela\/#organization\",\"name\":\"Escuela de fotograf\u00eda\",\"url\":\"https:\/\/hugorodriguez.com\/escuela\/\",\"logo\":{\"@type\":\"ImageObject\",\"inLanguage\":\"es\",\"@id\":\"https:\/\/hugorodriguez.com\/escuela\/#\/schema\/logo\/image\/\",\"url\":\"https:\/\/hugorodriguez.com\/escuela\/wp-content\/uploads\/2023\/11\/cropped-Loho-hugorodriguez-escuela.webp\",\"contentUrl\":\"https:\/\/hugorodriguez.com\/escuela\/wp-content\/uploads\/2023\/11\/cropped-Loho-hugorodriguez-escuela.webp\",\"width\":671,\"height\":201,\"caption\":\"Escuela de fotograf\u00eda\"},\"image\":{\"@id\":\"https:\/\/hugorodriguez.com\/escuela\/#\/schema\/logo\/image\/\"}}]}<\/script>\n<!-- \/ Yoast SEO plugin. -->","yoast_head_json":{"title":"OLYMPUS\/OM System Camera Master Course - Escuela de fotograf\u00eda","description":"OLYMPUS-OM SYSTEM Camera Master Course. Este curso est\u00e1 dirigido a todos aquellos aficionados de nivel medio, alto o profesionales que quieren descubrir c\u00f3mo exprimir al m\u00e1ximo su c\u00e1mara para poder obtener tanto mejores im\u00e1genes, como para obtenerlas con menos esfuerzo.","robots":{"index":"index","follow":"follow","max-snippet":"max-snippet:-1","max-image-preview":"max-image-preview:large","max-video-preview":"max-video-preview:-1"},"canonical":"https:\/\/hugorodriguez.com\/escuela\/curso-fotografia\/olympus-om-system-camera-master-course\/","og_locale":"es_ES","og_type":"article","og_title":"OLYMPUS\/OM System Camera Master Course - Escuela de fotograf\u00eda","og_description":"OLYMPUS-OM SYSTEM Camera Master Course. Este curso est\u00e1 dirigido a todos aquellos aficionados de nivel medio, alto o profesionales que quieren descubrir c\u00f3mo exprimir al m\u00e1ximo su c\u00e1mara para poder obtener tanto mejores im\u00e1genes, como para obtenerlas con menos esfuerzo.","og_url":"https:\/\/hugorodriguez.com\/escuela\/curso-fotografia\/olympus-om-system-camera-master-course\/","og_site_name":"Escuela de fotograf\u00eda","article_modified_time":"2025-12-27T17:27:36+00:00","og_image":[{"width":960,"height":659,"url":"https:\/\/hugorodriguez.com\/escuela\/wp-content\/uploads\/2025\/01\/Videocurso-Master-CAM-Olympus-02-960px.webp","type":"image\/webp"}],"twitter_card":"summary_large_image","twitter_misc":{"Tiempo de lectura":"2 minutos"},"schema":{"@context":"https:\/\/schema.org","@graph":[{"@type":"WebPage","@id":"https:\/\/hugorodriguez.com\/escuela\/curso-fotografia\/olympus-om-system-camera-master-course\/","url":"https:\/\/hugorodriguez.com\/escuela\/curso-fotografia\/olympus-om-system-camera-master-course\/","name":"OLYMPUS\/OM System Camera Master Course - Escuela de fotograf\u00eda","isPartOf":{"@id":"https:\/\/hugorodriguez.com\/escuela\/#website"},"primaryImageOfPage":{"@id":"https:\/\/hugorodriguez.com\/escuela\/curso-fotografia\/olympus-om-system-camera-master-course\/#primaryimage"},"image":{"@id":"https:\/\/hugorodriguez.com\/escuela\/curso-fotografia\/olympus-om-system-camera-master-course\/#primaryimage"},"thumbnailUrl":"https:\/\/hugorodriguez.com\/escuela\/wp-content\/uploads\/2025\/01\/Videocurso-Master-CAM-Olympus-02-960px.webp","datePublished":"2025-02-18T08:14:15+00:00","dateModified":"2025-12-27T17:27:36+00:00","description":"OLYMPUS-OM SYSTEM Camera Master Course. Este curso est\u00e1 dirigido a todos aquellos aficionados de nivel medio, alto o profesionales que quieren descubrir c\u00f3mo exprimir al m\u00e1ximo su c\u00e1mara para poder obtener tanto mejores im\u00e1genes, como para obtenerlas con menos esfuerzo.","breadcrumb":{"@id":"https:\/\/hugorodriguez.com\/escuela\/curso-fotografia\/olympus-om-system-camera-master-course\/#breadcrumb"},"inLanguage":"es","potentialAction":[{"@type":"ReadAction","target":["https:\/\/hugorodriguez.com\/escuela\/curso-fotografia\/olympus-om-system-camera-master-course\/"]}]},{"@type":"ImageObject","inLanguage":"es","@id":"https:\/\/hugorodriguez.com\/escuela\/curso-fotografia\/olympus-om-system-camera-master-course\/#primaryimage","url":"https:\/\/hugorodriguez.com\/escuela\/wp-content\/uploads\/2025\/01\/Videocurso-Master-CAM-Olympus-02-960px.webp","contentUrl":"https:\/\/hugorodriguez.com\/escuela\/wp-content\/uploads\/2025\/01\/Videocurso-Master-CAM-Olympus-02-960px.webp","width":960,"height":659},{"@type":"BreadcrumbList","@id":"https:\/\/hugorodriguez.com\/escuela\/curso-fotografia\/olympus-om-system-camera-master-course\/#breadcrumb","itemListElement":[{"@type":"ListItem","position":1,"name":"Portada","item":"https:\/\/hugorodriguez.com\/escuela\/"},{"@type":"ListItem","position":2,"name":"Tienda","item":"https:\/\/hugorodriguez.com\/escuela\/tienda\/"},{"@type":"ListItem","position":3,"name":"OLYMPUS\/OM System Camera Master Course"}]},{"@type":"WebSite","@id":"https:\/\/hugorodriguez.com\/escuela\/#website","url":"https:\/\/hugorodriguez.com\/escuela\/","name":"Escuela de fotograf\u00eda","description":"Escuela online de fotografia de Hugo Rodriguez","publisher":{"@id":"https:\/\/hugorodriguez.com\/escuela\/#organization"},"potentialAction":[{"@type":"SearchAction","target":{"@type":"EntryPoint","urlTemplate":"https:\/\/hugorodriguez.com\/escuela\/?s={search_term_string}"},"query-input":{"@type":"PropertyValueSpecification","valueRequired":true,"valueName":"search_term_string"}}],"inLanguage":"es"},{"@type":"Organization","@id":"https:\/\/hugorodriguez.com\/escuela\/#organization","name":"Escuela de fotograf\u00eda","url":"https:\/\/hugorodriguez.com\/escuela\/","logo":{"@type":"ImageObject","inLanguage":"es","@id":"https:\/\/hugorodriguez.com\/escuela\/#\/schema\/logo\/image\/","url":"https:\/\/hugorodriguez.com\/escuela\/wp-content\/uploads\/2023\/11\/cropped-Loho-hugorodriguez-escuela.webp","contentUrl":"https:\/\/hugorodriguez.com\/escuela\/wp-content\/uploads\/2023\/11\/cropped-Loho-hugorodriguez-escuela.webp","width":671,"height":201,"caption":"Escuela de fotograf\u00eda"},"image":{"@id":"https:\/\/hugorodriguez.com\/escuela\/#\/schema\/logo\/image\/"}}]}},"uagb_featured_image_src":{"full":["https:\/\/hugorodriguez.com\/escuela\/wp-content\/uploads\/2025\/01\/Videocurso-Master-CAM-Olympus-02-960px.webp",960,659,false],"thumbnail":["https:\/\/hugorodriguez.com\/escuela\/wp-content\/uploads\/2025\/01\/Videocurso-Master-CAM-Olympus-02-960px-150x150.webp",150,150,true],"medium":["https:\/\/hugorodriguez.com\/escuela\/wp-content\/uploads\/2025\/01\/Videocurso-Master-CAM-Olympus-02-960px-300x206.webp",300,206,true],"medium_large":["https:\/\/hugorodriguez.com\/escuela\/wp-content\/uploads\/2025\/01\/Videocurso-Master-CAM-Olympus-02-960px-768x527.webp",768,527,true],"large":["https:\/\/hugorodriguez.com\/escuela\/wp-content\/uploads\/2025\/01\/Videocurso-Master-CAM-Olympus-02-960px.webp",960,659,false],"1536x1536":["https:\/\/hugorodriguez.com\/escuela\/wp-content\/uploads\/2025\/01\/Videocurso-Master-CAM-Olympus-02-960px.webp",960,659,false],"2048x2048":["https:\/\/hugorodriguez.com\/escuela\/wp-content\/uploads\/2025\/01\/Videocurso-Master-CAM-Olympus-02-960px.webp",960,659,false],"woocommerce_thumbnail":["https:\/\/hugorodriguez.com\/escuela\/wp-content\/uploads\/2025\/01\/Videocurso-Master-CAM-Olympus-02-960px-300x200.webp",300,200,true],"woocommerce_single":["https:\/\/hugorodriguez.com\/escuela\/wp-content\/uploads\/2025\/01\/Videocurso-Master-CAM-Olympus-02-960px-600x412.webp",600,412,true],"woocommerce_gallery_thumbnail":["https:\/\/hugorodriguez.com\/escuela\/wp-content\/uploads\/2025\/01\/Videocurso-Master-CAM-Olympus-02-960px-100x100.webp",100,100,true]},"uagb_author_info":{"display_name":"Victor","author_link":"https:\/\/hugorodriguez.com\/escuela\/author\/"},"uagb_comment_info":0,"uagb_excerpt":"Un curso de nivel avanzado para entender tu c\u00e1mara a fondo y conocer d\u00f3nde est\u00e1n realmente todas las funciones importantes, aqu\u00e9llas que se necesitan usar en los 5 momentos fotogr\u00e1ficos m\u00e1s importantes: al encuadrar, al enfocar, midiendo la exposici\u00f3n, en la captura y en la revisi\u00f3n posterior al disparo. No existe en todo Internet ning\u00fan&hellip;","_links":{"self":[{"href":"https:\/\/hugorodriguez.com\/escuela\/wp-json\/wp\/v2\/product\/8018","targetHints":{"allow":["GET"]}}],"collection":[{"href":"https:\/\/hugorodriguez.com\/escuela\/wp-json\/wp\/v2\/product"}],"about":[{"href":"https:\/\/hugorodriguez.com\/escuela\/wp-json\/wp\/v2\/types\/product"}],"wp:featuredmedia":[{"embeddable":true,"href":"https:\/\/hugorodriguez.com\/escuela\/wp-json\/wp\/v2\/media\/8562"}],"wp:attachment":[{"href":"https:\/\/hugorodriguez.com\/escuela\/wp-json\/wp\/v2\/media?parent=8018"}],"wp:term":[{"taxonomy":"product_brand","embeddable":true,"href":"https:\/\/hugorodriguez.com\/escuela\/wp-json\/wp\/v2\/product_brand?post=8018"},{"taxonomy":"product_cat","embeddable":true,"href":"https:\/\/hugorodriguez.com\/escuela\/wp-json\/wp\/v2\/product_cat?post=8018"},{"taxonomy":"product_tag","embeddable":true,"href":"https:\/\/hugorodriguez.com\/escuela\/wp-json\/wp\/v2\/product_tag?post=8018"},{"taxonomy":"giftcard-category","embeddable":true,"href":"https:\/\/hugorodriguez.com\/escuela\/wp-json\/wp\/v2\/giftcard-category?post=8018"}],"curies":[{"name":"wp","href":"https:\/\/api.w.org\/{rel}","templated":true}]}}