{"id":10390,"date":"2025-09-27T11:28:31","date_gmt":"2025-09-27T09:28:31","guid":{"rendered":"https:\/\/hugorodriguez.com\/escuela\/?post_type=product&#038;p=10390"},"modified":"2025-09-27T11:39:11","modified_gmt":"2025-09-27T09:39:11","slug":"gestion-del-color-camara-para-fotografos-con-prisa-upgrade","status":"publish","type":"product","link":"https:\/\/hugorodriguez.com\/escuela\/curso-fotografia\/gestion-del-color-camara-para-fotografos-con-prisa-upgrade\/","title":{"rendered":"GESTION del COLOR + CAMARA para FOTOGRAFOS con PRISA (Upgrade)"},"content":{"rendered":"<p>Con este videocurso aprender\u00e1s a gestionar el color de principio a fin: desde la captura en c\u00e1mara hasta el momento de publicarla, sea en Internet o impresa en papel, pasando por el revelado del RAW, la visualizacion y la edici\u00f3n. Todo ello de la mano de uno de los mayores expertos en la materia.<\/p>\n<p>Upgrade desde el curso de Gesti\u00f3n de Color.<\/p>\n<h3 style=\"text-align: center;\"><a href=\"https:\/\/hugorodriguez.com\/escuela\/cursos\/curso-de-gestion-color-con-prisa\/\">IR A LA P\u00c1GINA DEL CURSO<\/a><\/h3>\n","protected":false},"excerpt":{"rendered":"<p>Fotos que cambian de color al subirlas a Internet, al imprimirlas\u2026 \u00bfTe suena? Aprende de una vez c\u00f3mo resolver este fastidioso problema con el primer curso online de la mano de un aut\u00e9ntico especialista en el tema.<\/p>\n<p>Upgrade con el apartado de c\u00e1mara.<\/p>\n","protected":false},"featured_media":10205,"template":"","meta":{"_uag_custom_page_level_css":"","site-sidebar-layout":"default","site-content-layout":"","ast-site-content-layout":"default","site-content-style":"default","site-sidebar-style":"default","ast-global-header-display":"","ast-banner-title-visibility":"","ast-main-header-display":"","ast-hfb-above-header-display":"","ast-hfb-below-header-display":"","ast-hfb-mobile-header-display":"","site-post-title":"","ast-breadcrumbs-content":"","ast-featured-img":"","footer-sml-layout":"","theme-transparent-header-meta":"default","adv-header-id-meta":"","stick-header-meta":"default","header-above-stick-meta":"","header-main-stick-meta":"","header-below-stick-meta":"","astra-migrate-meta-layouts":"set","ast-page-background-enabled":"default","ast-page-background-meta":{"desktop":{"background-color":"","background-image":"","background-repeat":"repeat","background-position":"center center","background-size":"auto","background-attachment":"scroll","background-type":"","background-media":"","overlay-type":"","overlay-color":"","overlay-gradient":""},"tablet":{"background-color":"","background-image":"","background-repeat":"repeat","background-position":"center center","background-size":"auto","background-attachment":"scroll","background-type":"","background-media":"","overlay-type":"","overlay-color":"","overlay-gradient":""},"mobile":{"background-color":"","background-image":"","background-repeat":"repeat","background-position":"center center","background-size":"auto","background-attachment":"scroll","background-type":"","background-media":"","overlay-type":"","overlay-color":"","overlay-gradient":""}},"ast-content-background-meta":{"desktop":{"background-color":"var(--ast-global-color-5)","background-image":"","background-repeat":"repeat","background-position":"center center","background-size":"auto","background-attachment":"scroll","background-type":"","background-media":"","overlay-type":"","overlay-color":"","overlay-gradient":""},"tablet":{"background-color":"var(--ast-global-color-5)","background-image":"","background-repeat":"repeat","background-position":"center center","background-size":"auto","background-attachment":"scroll","background-type":"","background-media":"","overlay-type":"","overlay-color":"","overlay-gradient":""},"mobile":{"background-color":"var(--ast-global-color-5)","background-image":"","background-repeat":"repeat","background-position":"center center","background-size":"auto","background-attachment":"scroll","background-type":"","background-media":"","overlay-type":"","overlay-color":"","overlay-gradient":""}}},"product_brand":[],"product_cat":[55,60,66],"product_tag":[],"giftcard-category":[],"class_list":{"0":"post-10390","1":"product","2":"type-product","3":"status-publish","4":"has-post-thumbnail","6":"product_cat-camara","7":"product_cat-gestion-del-color","8":"product_cat-para-fotografos-con-prisa","9":"desktop-align-left","10":"tablet-align-left","11":"mobile-align-left","12":"ast-product-gallery-layout-horizontal-slider","13":"ast-product-gallery-with-no-image","14":"ast-product-tabs-layout-horizontal","16":"first","17":"instock","18":"virtual","19":"sold-individually","20":"taxable","21":"purchasable","22":"product-type-simple"},"yoast_head":"<!-- This site is optimized with the Yoast SEO plugin v26.8 - https:\/\/yoast.com\/product\/yoast-seo-wordpress\/ -->\n<title>GESTION del COLOR + CAMARA para FOTOGRAFOS con PRISA (Upgrade) - Escuela de fotograf\u00eda<\/title>\n<meta name=\"description\" content=\"Fotos que cambian de color al subirlas a Internet, al imprimirlas\u2026 \u00bfTe suena? Aprende de una vez c\u00f3mo resolver este fastidioso problema con el primer curso online de la mano de un aut\u00e9ntico especialista en el tema.\" \/>\n<meta name=\"robots\" content=\"index, follow, max-snippet:-1, max-image-preview:large, max-video-preview:-1\" \/>\n<link rel=\"canonical\" href=\"https:\/\/hugorodriguez.com\/escuela\/curso-fotografia\/gestion-del-color-camara-para-fotografos-con-prisa-upgrade\/\" \/>\n<meta property=\"og:locale\" content=\"es_ES\" \/>\n<meta property=\"og:type\" content=\"article\" \/>\n<meta property=\"og:title\" content=\"GESTION del COLOR + CAMARA para FOTOGRAFOS con PRISA (Upgrade) - Escuela de fotograf\u00eda\" \/>\n<meta property=\"og:description\" content=\"Fotos que cambian de color al subirlas a Internet, al imprimirlas\u2026 \u00bfTe suena? Aprende de una vez c\u00f3mo resolver este fastidioso problema con el primer curso online de la mano de un aut\u00e9ntico especialista en el tema.\" \/>\n<meta property=\"og:url\" content=\"https:\/\/hugorodriguez.com\/escuela\/curso-fotografia\/gestion-del-color-camara-para-fotografos-con-prisa-upgrade\/\" \/>\n<meta property=\"og:site_name\" content=\"Escuela de fotograf\u00eda\" \/>\n<meta property=\"article:modified_time\" content=\"2025-09-27T09:39:11+00:00\" \/>\n<meta property=\"og:image\" content=\"https:\/\/hugorodriguez.com\/escuela\/wp-content\/uploads\/2025\/08\/Videocurso-GesColor-con-Prisa-Camara-II-SQ-540px.webp\" \/>\n\t<meta property=\"og:image:width\" content=\"540\" \/>\n\t<meta property=\"og:image:height\" content=\"540\" \/>\n\t<meta property=\"og:image:type\" content=\"image\/webp\" \/>\n<meta name=\"twitter:card\" content=\"summary_large_image\" \/>\n<meta name=\"twitter:label1\" content=\"Tiempo de lectura\" \/>\n\t<meta name=\"twitter:data1\" content=\"1 minuto\" \/>\n<script type=\"application\/ld+json\" class=\"yoast-schema-graph\">{\"@context\":\"https:\/\/schema.org\",\"@graph\":[{\"@type\":\"WebPage\",\"@id\":\"https:\/\/hugorodriguez.com\/escuela\/curso-fotografia\/gestion-del-color-camara-para-fotografos-con-prisa-upgrade\/\",\"url\":\"https:\/\/hugorodriguez.com\/escuela\/curso-fotografia\/gestion-del-color-camara-para-fotografos-con-prisa-upgrade\/\",\"name\":\"GESTION del COLOR + CAMARA para FOTOGRAFOS con PRISA (Upgrade) - Escuela de fotograf\u00eda\",\"isPartOf\":{\"@id\":\"https:\/\/hugorodriguez.com\/escuela\/#website\"},\"primaryImageOfPage\":{\"@id\":\"https:\/\/hugorodriguez.com\/escuela\/curso-fotografia\/gestion-del-color-camara-para-fotografos-con-prisa-upgrade\/#primaryimage\"},\"image\":{\"@id\":\"https:\/\/hugorodriguez.com\/escuela\/curso-fotografia\/gestion-del-color-camara-para-fotografos-con-prisa-upgrade\/#primaryimage\"},\"thumbnailUrl\":\"https:\/\/hugorodriguez.com\/escuela\/wp-content\/uploads\/2025\/08\/Videocurso-GesColor-con-Prisa-Camara-II-SQ-540px.webp\",\"datePublished\":\"2025-09-27T09:28:31+00:00\",\"dateModified\":\"2025-09-27T09:39:11+00:00\",\"description\":\"Fotos que cambian de color al subirlas a Internet, al imprimirlas\u2026 \u00bfTe suena? Aprende de una vez c\u00f3mo resolver este fastidioso problema con el primer curso online de la mano de un aut\u00e9ntico especialista en el tema.\",\"breadcrumb\":{\"@id\":\"https:\/\/hugorodriguez.com\/escuela\/curso-fotografia\/gestion-del-color-camara-para-fotografos-con-prisa-upgrade\/#breadcrumb\"},\"inLanguage\":\"es\",\"potentialAction\":[{\"@type\":\"ReadAction\",\"target\":[\"https:\/\/hugorodriguez.com\/escuela\/curso-fotografia\/gestion-del-color-camara-para-fotografos-con-prisa-upgrade\/\"]}]},{\"@type\":\"ImageObject\",\"inLanguage\":\"es\",\"@id\":\"https:\/\/hugorodriguez.com\/escuela\/curso-fotografia\/gestion-del-color-camara-para-fotografos-con-prisa-upgrade\/#primaryimage\",\"url\":\"https:\/\/hugorodriguez.com\/escuela\/wp-content\/uploads\/2025\/08\/Videocurso-GesColor-con-Prisa-Camara-II-SQ-540px.webp\",\"contentUrl\":\"https:\/\/hugorodriguez.com\/escuela\/wp-content\/uploads\/2025\/08\/Videocurso-GesColor-con-Prisa-Camara-II-SQ-540px.webp\",\"width\":540,\"height\":540},{\"@type\":\"BreadcrumbList\",\"@id\":\"https:\/\/hugorodriguez.com\/escuela\/curso-fotografia\/gestion-del-color-camara-para-fotografos-con-prisa-upgrade\/#breadcrumb\",\"itemListElement\":[{\"@type\":\"ListItem\",\"position\":1,\"name\":\"Portada\",\"item\":\"https:\/\/hugorodriguez.com\/escuela\/\"},{\"@type\":\"ListItem\",\"position\":2,\"name\":\"Tienda\",\"item\":\"https:\/\/hugorodriguez.com\/escuela\/tienda\/\"},{\"@type\":\"ListItem\",\"position\":3,\"name\":\"GESTION del COLOR + CAMARA para FOTOGRAFOS con PRISA (Upgrade)\"}]},{\"@type\":\"WebSite\",\"@id\":\"https:\/\/hugorodriguez.com\/escuela\/#website\",\"url\":\"https:\/\/hugorodriguez.com\/escuela\/\",\"name\":\"Escuela de fotograf\u00eda\",\"description\":\"Escuela online de fotografia de Hugo Rodriguez\",\"publisher\":{\"@id\":\"https:\/\/hugorodriguez.com\/escuela\/#organization\"},\"potentialAction\":[{\"@type\":\"SearchAction\",\"target\":{\"@type\":\"EntryPoint\",\"urlTemplate\":\"https:\/\/hugorodriguez.com\/escuela\/?s={search_term_string}\"},\"query-input\":{\"@type\":\"PropertyValueSpecification\",\"valueRequired\":true,\"valueName\":\"search_term_string\"}}],\"inLanguage\":\"es\"},{\"@type\":\"Organization\",\"@id\":\"https:\/\/hugorodriguez.com\/escuela\/#organization\",\"name\":\"Escuela de fotograf\u00eda\",\"url\":\"https:\/\/hugorodriguez.com\/escuela\/\",\"logo\":{\"@type\":\"ImageObject\",\"inLanguage\":\"es\",\"@id\":\"https:\/\/hugorodriguez.com\/escuela\/#\/schema\/logo\/image\/\",\"url\":\"https:\/\/hugorodriguez.com\/escuela\/wp-content\/uploads\/2023\/11\/cropped-Loho-hugorodriguez-escuela.webp\",\"contentUrl\":\"https:\/\/hugorodriguez.com\/escuela\/wp-content\/uploads\/2023\/11\/cropped-Loho-hugorodriguez-escuela.webp\",\"width\":671,\"height\":201,\"caption\":\"Escuela de fotograf\u00eda\"},\"image\":{\"@id\":\"https:\/\/hugorodriguez.com\/escuela\/#\/schema\/logo\/image\/\"}}]}<\/script>\n<!-- \/ Yoast SEO plugin. -->","yoast_head_json":{"title":"GESTION del COLOR + CAMARA para FOTOGRAFOS con PRISA (Upgrade) - Escuela de fotograf\u00eda","description":"Fotos que cambian de color al subirlas a Internet, al imprimirlas\u2026 \u00bfTe suena? Aprende de una vez c\u00f3mo resolver este fastidioso problema con el primer curso online de la mano de un aut\u00e9ntico especialista en el tema.","robots":{"index":"index","follow":"follow","max-snippet":"max-snippet:-1","max-image-preview":"max-image-preview:large","max-video-preview":"max-video-preview:-1"},"canonical":"https:\/\/hugorodriguez.com\/escuela\/curso-fotografia\/gestion-del-color-camara-para-fotografos-con-prisa-upgrade\/","og_locale":"es_ES","og_type":"article","og_title":"GESTION del COLOR + CAMARA para FOTOGRAFOS con PRISA (Upgrade) - Escuela de fotograf\u00eda","og_description":"Fotos que cambian de color al subirlas a Internet, al imprimirlas\u2026 \u00bfTe suena? Aprende de una vez c\u00f3mo resolver este fastidioso problema con el primer curso online de la mano de un aut\u00e9ntico especialista en el tema.","og_url":"https:\/\/hugorodriguez.com\/escuela\/curso-fotografia\/gestion-del-color-camara-para-fotografos-con-prisa-upgrade\/","og_site_name":"Escuela de fotograf\u00eda","article_modified_time":"2025-09-27T09:39:11+00:00","og_image":[{"width":540,"height":540,"url":"https:\/\/hugorodriguez.com\/escuela\/wp-content\/uploads\/2025\/08\/Videocurso-GesColor-con-Prisa-Camara-II-SQ-540px.webp","type":"image\/webp"}],"twitter_card":"summary_large_image","twitter_misc":{"Tiempo de lectura":"1 minuto"},"schema":{"@context":"https:\/\/schema.org","@graph":[{"@type":"WebPage","@id":"https:\/\/hugorodriguez.com\/escuela\/curso-fotografia\/gestion-del-color-camara-para-fotografos-con-prisa-upgrade\/","url":"https:\/\/hugorodriguez.com\/escuela\/curso-fotografia\/gestion-del-color-camara-para-fotografos-con-prisa-upgrade\/","name":"GESTION del COLOR + CAMARA para FOTOGRAFOS con PRISA (Upgrade) - Escuela de fotograf\u00eda","isPartOf":{"@id":"https:\/\/hugorodriguez.com\/escuela\/#website"},"primaryImageOfPage":{"@id":"https:\/\/hugorodriguez.com\/escuela\/curso-fotografia\/gestion-del-color-camara-para-fotografos-con-prisa-upgrade\/#primaryimage"},"image":{"@id":"https:\/\/hugorodriguez.com\/escuela\/curso-fotografia\/gestion-del-color-camara-para-fotografos-con-prisa-upgrade\/#primaryimage"},"thumbnailUrl":"https:\/\/hugorodriguez.com\/escuela\/wp-content\/uploads\/2025\/08\/Videocurso-GesColor-con-Prisa-Camara-II-SQ-540px.webp","datePublished":"2025-09-27T09:28:31+00:00","dateModified":"2025-09-27T09:39:11+00:00","description":"Fotos que cambian de color al subirlas a Internet, al imprimirlas\u2026 \u00bfTe suena? Aprende de una vez c\u00f3mo resolver este fastidioso problema con el primer curso online de la mano de un aut\u00e9ntico especialista en el tema.","breadcrumb":{"@id":"https:\/\/hugorodriguez.com\/escuela\/curso-fotografia\/gestion-del-color-camara-para-fotografos-con-prisa-upgrade\/#breadcrumb"},"inLanguage":"es","potentialAction":[{"@type":"ReadAction","target":["https:\/\/hugorodriguez.com\/escuela\/curso-fotografia\/gestion-del-color-camara-para-fotografos-con-prisa-upgrade\/"]}]},{"@type":"ImageObject","inLanguage":"es","@id":"https:\/\/hugorodriguez.com\/escuela\/curso-fotografia\/gestion-del-color-camara-para-fotografos-con-prisa-upgrade\/#primaryimage","url":"https:\/\/hugorodriguez.com\/escuela\/wp-content\/uploads\/2025\/08\/Videocurso-GesColor-con-Prisa-Camara-II-SQ-540px.webp","contentUrl":"https:\/\/hugorodriguez.com\/escuela\/wp-content\/uploads\/2025\/08\/Videocurso-GesColor-con-Prisa-Camara-II-SQ-540px.webp","width":540,"height":540},{"@type":"BreadcrumbList","@id":"https:\/\/hugorodriguez.com\/escuela\/curso-fotografia\/gestion-del-color-camara-para-fotografos-con-prisa-upgrade\/#breadcrumb","itemListElement":[{"@type":"ListItem","position":1,"name":"Portada","item":"https:\/\/hugorodriguez.com\/escuela\/"},{"@type":"ListItem","position":2,"name":"Tienda","item":"https:\/\/hugorodriguez.com\/escuela\/tienda\/"},{"@type":"ListItem","position":3,"name":"GESTION del COLOR + CAMARA para FOTOGRAFOS con PRISA (Upgrade)"}]},{"@type":"WebSite","@id":"https:\/\/hugorodriguez.com\/escuela\/#website","url":"https:\/\/hugorodriguez.com\/escuela\/","name":"Escuela de fotograf\u00eda","description":"Escuela online de fotografia de Hugo Rodriguez","publisher":{"@id":"https:\/\/hugorodriguez.com\/escuela\/#organization"},"potentialAction":[{"@type":"SearchAction","target":{"@type":"EntryPoint","urlTemplate":"https:\/\/hugorodriguez.com\/escuela\/?s={search_term_string}"},"query-input":{"@type":"PropertyValueSpecification","valueRequired":true,"valueName":"search_term_string"}}],"inLanguage":"es"},{"@type":"Organization","@id":"https:\/\/hugorodriguez.com\/escuela\/#organization","name":"Escuela de fotograf\u00eda","url":"https:\/\/hugorodriguez.com\/escuela\/","logo":{"@type":"ImageObject","inLanguage":"es","@id":"https:\/\/hugorodriguez.com\/escuela\/#\/schema\/logo\/image\/","url":"https:\/\/hugorodriguez.com\/escuela\/wp-content\/uploads\/2023\/11\/cropped-Loho-hugorodriguez-escuela.webp","contentUrl":"https:\/\/hugorodriguez.com\/escuela\/wp-content\/uploads\/2023\/11\/cropped-Loho-hugorodriguez-escuela.webp","width":671,"height":201,"caption":"Escuela de fotograf\u00eda"},"image":{"@id":"https:\/\/hugorodriguez.com\/escuela\/#\/schema\/logo\/image\/"}}]}},"uagb_featured_image_src":{"full":["https:\/\/hugorodriguez.com\/escuela\/wp-content\/uploads\/2025\/08\/Videocurso-GesColor-con-Prisa-Camara-II-SQ-540px.webp",540,540,false],"thumbnail":["https:\/\/hugorodriguez.com\/escuela\/wp-content\/uploads\/2025\/08\/Videocurso-GesColor-con-Prisa-Camara-II-SQ-540px-150x150.webp",150,150,true],"medium":["https:\/\/hugorodriguez.com\/escuela\/wp-content\/uploads\/2025\/08\/Videocurso-GesColor-con-Prisa-Camara-II-SQ-540px-300x300.webp",300,300,true],"medium_large":["https:\/\/hugorodriguez.com\/escuela\/wp-content\/uploads\/2025\/08\/Videocurso-GesColor-con-Prisa-Camara-II-SQ-540px.webp",540,540,false],"large":["https:\/\/hugorodriguez.com\/escuela\/wp-content\/uploads\/2025\/08\/Videocurso-GesColor-con-Prisa-Camara-II-SQ-540px.webp",540,540,false],"1536x1536":["https:\/\/hugorodriguez.com\/escuela\/wp-content\/uploads\/2025\/08\/Videocurso-GesColor-con-Prisa-Camara-II-SQ-540px.webp",540,540,false],"2048x2048":["https:\/\/hugorodriguez.com\/escuela\/wp-content\/uploads\/2025\/08\/Videocurso-GesColor-con-Prisa-Camara-II-SQ-540px.webp",540,540,false],"woocommerce_thumbnail":["https:\/\/hugorodriguez.com\/escuela\/wp-content\/uploads\/2025\/08\/Videocurso-GesColor-con-Prisa-Camara-II-SQ-540px-300x200.webp",300,200,true],"woocommerce_single":["https:\/\/hugorodriguez.com\/escuela\/wp-content\/uploads\/2025\/08\/Videocurso-GesColor-con-Prisa-Camara-II-SQ-540px.webp",540,540,false],"woocommerce_gallery_thumbnail":["https:\/\/hugorodriguez.com\/escuela\/wp-content\/uploads\/2025\/08\/Videocurso-GesColor-con-Prisa-Camara-II-SQ-540px-100x100.webp",100,100,true]},"uagb_author_info":{"display_name":"Hugo Rguez","author_link":"https:\/\/hugorodriguez.com\/escuela\/author\/"},"uagb_comment_info":0,"uagb_excerpt":"Fotos que cambian de color al subirlas a Internet, al imprimirlas\u2026 \u00bfTe suena? Aprende de una vez c\u00f3mo resolver este fastidioso problema con el primer curso online de la mano de un aut\u00e9ntico especialista en el tema. Upgrade con el apartado de c\u00e1mara.","_links":{"self":[{"href":"https:\/\/hugorodriguez.com\/escuela\/wp-json\/wp\/v2\/product\/10390","targetHints":{"allow":["GET"]}}],"collection":[{"href":"https:\/\/hugorodriguez.com\/escuela\/wp-json\/wp\/v2\/product"}],"about":[{"href":"https:\/\/hugorodriguez.com\/escuela\/wp-json\/wp\/v2\/types\/product"}],"wp:featuredmedia":[{"embeddable":true,"href":"https:\/\/hugorodriguez.com\/escuela\/wp-json\/wp\/v2\/media\/10205"}],"wp:attachment":[{"href":"https:\/\/hugorodriguez.com\/escuela\/wp-json\/wp\/v2\/media?parent=10390"}],"wp:term":[{"taxonomy":"product_brand","embeddable":true,"href":"https:\/\/hugorodriguez.com\/escuela\/wp-json\/wp\/v2\/product_brand?post=10390"},{"taxonomy":"product_cat","embeddable":true,"href":"https:\/\/hugorodriguez.com\/escuela\/wp-json\/wp\/v2\/product_cat?post=10390"},{"taxonomy":"product_tag","embeddable":true,"href":"https:\/\/hugorodriguez.com\/escuela\/wp-json\/wp\/v2\/product_tag?post=10390"},{"taxonomy":"giftcard-category","embeddable":true,"href":"https:\/\/hugorodriguez.com\/escuela\/wp-json\/wp\/v2\/giftcard-category?post=10390"}],"curies":[{"name":"wp","href":"https:\/\/api.w.org\/{rel}","templated":true}]}}