{"id":1155,"date":"2020-10-26T05:01:12","date_gmt":"2020-10-26T05:01:12","guid":{"rendered":"https:\/\/hugorodriguez.com\/escuela\/contact\/"},"modified":"2024-02-16T09:18:12","modified_gmt":"2024-02-16T08:18:12","slug":"contacto","status":"publish","type":"page","link":"https:\/\/hugorodriguez.com\/escuela\/contacto\/","title":{"rendered":"Contacto"},"content":{"rendered":"\n<div class=\"wp-block-uagb-container uag-blocks-common-selector uagb-block-0da74aed alignfull uagb-is-root-container\"><div class=\"uagb-container-inner-blocks-wrap\">\n<div class=\"wp-block-uagb-container uagb-block-d8bcb043\">\n<div style=\"height:100px\" aria-hidden=\"true\" class=\"wp-block-spacer\"><\/div>\n\n\n\n<div class=\"wp-block-uagb-advanced-heading uagb-block-a3ec436c\"><h2 class=\"uagb-heading-text\">Contacto\u200b<\/h2><div class=\"uagb-separator\"><\/div><\/div>\n\n\n\n<div class=\"wp-block-uagb-container uagb-block-93116537\">\n<div class=\"wp-block-uagb-container uagb-block-aac0457b\">\n<div class=\"wp-block-uagb-advanced-heading uagb-block-4d8b14ce\"><p class=\"uagb-heading-text\">Nuestro horario es de 10 a 2 y 4 a 8 de lunes a viernes.<\/p><\/div>\n<\/div>\n<\/div>\n\n\n\n<div class=\"wp-block-uagb-container uagb-block-9dd1d7d2 default uagb-is-root-container\">\n<div class=\"wp-block-uagb-info-box uagb-block-955d7ec5 uagb-infobox__content-wrap  uagb-infobox-icon-left uagb-infobox-left uagb-infobox-stacked-mobile uagb-infobox-image-valign-middle\"><div class=\"uagb-ifb-icon-wrap\"><div class=\"uagb-iconbox-icon-wrap uagb-infobox-shape-circle\"><svg xmlns=\"https:\/\/www.w3.org\/2000\/svg\" viewBox=\"0 0 512 512\"><path d=\"M464 64C490.5 64 512 85.49 512 112C512 127.1 504.9 141.3 492.8 150.4L275.2 313.6C263.8 322.1 248.2 322.1 236.8 313.6L19.2 150.4C7.113 141.3 0 127.1 0 112C0 85.49 21.49 64 48 64H464zM217.6 339.2C240.4 356.3 271.6 356.3 294.4 339.2L512 176V384C512 419.3 483.3 448 448 448H64C28.65 448 0 419.3 0 384V176L217.6 339.2z\"><\/path><\/svg><\/div><\/div><div class=\"uagb-ifb-content\"><div class=\"uagb-ifb-title-wrap\"><h5 class=\"uagb-ifb-title\"><a href=\"https:\/\/websitedemos.net\/online-cooking-course-02\/contact\/?elementor-preview=13&amp;ver=1666188722#\"><\/a>Email\u200b<\/h5><\/div><p class=\"uagb-ifb-desc\">escuela@hugorodriguez.com\u200b<\/p><\/div><\/div>\n<\/div>\n<\/div>\n\n\n\n<div class=\"wp-block-uagb-container uagb-block-d83f8aff\">\n<div class=\"wpcf7 no-js\" id=\"wpcf7-f4162-o1\" lang=\"es-ES\" dir=\"ltr\" data-wpcf7-id=\"4162\">\n<div class=\"screen-reader-response\"><p role=\"status\" aria-live=\"polite\" aria-atomic=\"true\"><\/p> <ul><\/ul><\/div>\n<form action=\"\/escuela\/wp-json\/wp\/v2\/pages\/1155#wpcf7-f4162-o1\" method=\"post\" class=\"wpcf7-form init\" aria-label=\"Formulario de contacto\" enctype=\"multipart\/form-data\" novalidate=\"novalidate\" data-status=\"init\">\n<fieldset class=\"hidden-fields-container\"><input type=\"hidden\" name=\"_wpcf7\" value=\"4162\" \/><input type=\"hidden\" name=\"_wpcf7_version\" value=\"6.1.5\" \/><input type=\"hidden\" name=\"_wpcf7_locale\" value=\"es_ES\" \/><input type=\"hidden\" name=\"_wpcf7_unit_tag\" value=\"wpcf7-f4162-o1\" \/><input type=\"hidden\" name=\"_wpcf7_container_post\" value=\"0\" \/><input type=\"hidden\" name=\"_wpcf7_posted_data_hash\" value=\"\" \/><input type=\"hidden\" name=\"_wpcf7_recaptcha_response\" value=\"\" \/>\n<\/fieldset>\n<p><label> Nombre (se requiere)<br \/>\n<span class=\"wpcf7-form-control-wrap\" data-name=\"your-name\"><input size=\"40\" maxlength=\"400\" class=\"wpcf7-form-control wpcf7-text wpcf7-validates-as-required\" aria-required=\"true\" aria-invalid=\"false\" value=\"\" type=\"text\" name=\"your-name\" \/><\/span> <\/label>\n<\/p>\n<p><label> Tu email (se requiere)<br \/>\n<span class=\"wpcf7-form-control-wrap\" data-name=\"your-email\"><input size=\"40\" maxlength=\"400\" class=\"wpcf7-form-control wpcf7-email wpcf7-validates-as-required wpcf7-text wpcf7-validates-as-email\" autocomplete=\"email\" aria-required=\"true\" aria-invalid=\"false\" value=\"\" type=\"email\" name=\"your-email\" \/><\/span> <\/label>\n<\/p>\n<p><label> Tu email (rep\u00edtelo, por seguridad).<br \/>\n<span class=\"wpcf7-form-control-wrap\" data-name=\"your-email2\"><input size=\"40\" maxlength=\"400\" class=\"wpcf7-form-control wpcf7-email wpcf7-validates-as-required wpcf7-text wpcf7-validates-as-email\" autocomplete=\"email\" aria-required=\"true\" aria-invalid=\"false\" value=\"\" type=\"email\" name=\"your-email2\" \/><\/span><br \/>\nNOTA IMPORTANTE: No olvides mirar tu carpeta de correo no deseado, ya que no ser\u00eda la 1\u00aa vez que mis respuestas acaban all\u00ed.<br \/>\n<\/label>\n<\/p>\n<p><label> Tel\u00e9fono de contacto (si es desde fuera de Espa\u00f1a, a\u00f1ade los prefijos necesarios)<br \/>\n<span class=\"wpcf7-form-control-wrap\" data-name=\"telefono\"><input size=\"40\" maxlength=\"400\" class=\"wpcf7-form-control wpcf7-tel wpcf7-validates-as-required wpcf7-text wpcf7-validates-as-tel\" aria-required=\"true\" aria-invalid=\"false\" value=\"\" type=\"tel\" name=\"telefono\" \/><\/span><\/label>\n<\/p>\n<p><label> Asunto<br \/>\n<span class=\"wpcf7-form-control-wrap\" data-name=\"your-subject\"><input size=\"40\" maxlength=\"400\" class=\"wpcf7-form-control wpcf7-text wpcf7-validates-as-required\" aria-required=\"true\" aria-invalid=\"false\" value=\"\" type=\"text\" name=\"your-subject\" \/><\/span> <\/label>\n<\/p>\n<p><label> Mensaje (se requiere)<br \/>\n<span class=\"wpcf7-form-control-wrap\" data-name=\"your-message\"><textarea cols=\"40\" rows=\"10\" maxlength=\"2000\" class=\"wpcf7-form-control wpcf7-textarea wpcf7-validates-as-required\" aria-required=\"true\" aria-invalid=\"false\" name=\"your-message\"><\/textarea><\/span> <\/label>\n<\/p>\n<p>Demuestra que no eres un robot:<br \/>\n<span class=\"wpcf7-form-control-wrap\" data-name=\"random-capital-quiz\"><label><span class=\"wpcf7-quiz-label\">\u00bfLa capital de Portugal?<\/span> <input size=\"40\" class=\"wpcf7-form-control wpcf7-quiz\" autocomplete=\"off\" aria-required=\"true\" aria-invalid=\"false\" type=\"text\" name=\"random-capital-quiz\" \/><\/label><input type=\"hidden\" name=\"_wpcf7_quiz_answer_random-capital-quiz\" value=\"2d1c4f4dab102396e9981d9792172881\" \/><\/span>\n<\/p>\n<p>\u00bfNecesitas adjuntar un archivo? (Max: 5MB)<br \/>\n<span class=\"wpcf7-form-control-wrap\" data-name=\"adjunto\"><input size=\"40\" class=\"wpcf7-form-control wpcf7-file\" accept=\".zip,.tiff,.jpg,.png\" aria-invalid=\"false\" type=\"file\" name=\"adjunto\" \/><\/span>\n<\/p>\n<p><input class=\"wpcf7-form-control wpcf7-submit has-spinner\" type=\"submit\" value=\"Enviar\" \/>\n<\/p><p style=\"display: none !important;\" class=\"akismet-fields-container\" data-prefix=\"_wpcf7_ak_\"><label>&#916;<textarea name=\"_wpcf7_ak_hp_textarea\" cols=\"45\" rows=\"8\" maxlength=\"100\"><\/textarea><\/label><input type=\"hidden\" id=\"ak_js_1\" name=\"_wpcf7_ak_js\" value=\"115\"\/><script>document.getElementById( \"ak_js_1\" ).setAttribute( \"value\", ( new Date() ).getTime() );<\/script><\/p><div class=\"wpcf7-response-output\" aria-hidden=\"true\"><\/div>\n<\/form>\n<\/div>\n\n<\/div>\n<\/div><\/div>\n","protected":false},"excerpt":{"rendered":"<p>Contacto\u200b Nuestro horario es de 10 a 2 y 4 a 8 de lunes a viernes.<\/p>\n","protected":false},"author":1,"featured_media":0,"parent":0,"menu_order":0,"comment_status":"closed","ping_status":"closed","template":"","meta":{"_uag_custom_page_level_css":"","site-sidebar-layout":"default","site-content-layout":"plain-container","ast-site-content-layout":"normal-width-container","site-content-style":"unboxed","site-sidebar-style":"default","ast-global-header-display":"","ast-banner-title-visibility":"","ast-main-header-display":"","ast-hfb-above-header-display":"","ast-hfb-below-header-display":"","ast-hfb-mobile-header-display":"","site-post-title":"disabled","ast-breadcrumbs-content":"","ast-featured-img":"","footer-sml-layout":"","theme-transparent-header-meta":"enabled","adv-header-id-meta":"","stick-header-meta":"","header-above-stick-meta":"","header-main-stick-meta":"","header-below-stick-meta":"","astra-migrate-meta-layouts":"set","ast-page-background-enabled":"default","ast-page-background-meta":{"desktop":{"background-color":"","background-image":"","background-repeat":"repeat","background-position":"center center","background-size":"auto","background-attachment":"scroll","background-type":"","background-media":"","overlay-type":"","overlay-color":"","overlay-gradient":""},"tablet":{"background-color":"","background-image":"","background-repeat":"repeat","background-position":"center center","background-size":"auto","background-attachment":"scroll","background-type":"","background-media":"","overlay-type":"","overlay-color":"","overlay-gradient":""},"mobile":{"background-color":"","background-image":"","background-repeat":"repeat","background-position":"center center","background-size":"auto","background-attachment":"scroll","background-type":"","background-media":"","overlay-type":"","overlay-color":"","overlay-gradient":""}},"ast-content-background-meta":{"desktop":{"background-color":"var(--ast-global-color-5)","background-image":"","background-repeat":"repeat","background-position":"center center","background-size":"auto","background-attachment":"scroll","background-type":"","background-media":"","overlay-type":"","overlay-color":"","overlay-gradient":""},"tablet":{"background-color":"var(--ast-global-color-5)","background-image":"","background-repeat":"repeat","background-position":"center center","background-size":"auto","background-attachment":"scroll","background-type":"","background-media":"","overlay-type":"","overlay-color":"","overlay-gradient":""},"mobile":{"background-color":"var(--ast-global-color-5)","background-image":"","background-repeat":"repeat","background-position":"center center","background-size":"auto","background-attachment":"scroll","background-type":"","background-media":"","overlay-type":"","overlay-color":"","overlay-gradient":""}},"footnotes":""},"class_list":["post-1155","page","type-page","status-publish","hentry"],"yoast_head":"<!-- This site is optimized with the Yoast SEO plugin v26.8 - https:\/\/yoast.com\/product\/yoast-seo-wordpress\/ -->\n<title>Contacto - Escuela de fotograf\u00eda<\/title>\n<meta name=\"robots\" content=\"index, follow, max-snippet:-1, max-image-preview:large, max-video-preview:-1\" \/>\n<link rel=\"canonical\" href=\"https:\/\/hugorodriguez.com\/escuela\/contacto\/\" \/>\n<meta property=\"og:locale\" content=\"es_ES\" \/>\n<meta property=\"og:type\" content=\"article\" \/>\n<meta property=\"og:title\" content=\"Contacto - Escuela de fotograf\u00eda\" \/>\n<meta property=\"og:description\" content=\"Contacto\u200b Nuestro horario es de 10 a 2 y 4 a 8 de lunes a viernes.\" \/>\n<meta property=\"og:url\" content=\"https:\/\/hugorodriguez.com\/escuela\/contacto\/\" \/>\n<meta property=\"og:site_name\" content=\"Escuela de fotograf\u00eda\" \/>\n<meta property=\"article:modified_time\" content=\"2024-02-16T08:18:12+00:00\" \/>\n<meta name=\"twitter:card\" content=\"summary_large_image\" \/>\n<meta name=\"twitter:label1\" content=\"Tiempo de lectura\" \/>\n\t<meta name=\"twitter:data1\" content=\"1 minuto\" \/>\n<script type=\"application\/ld+json\" class=\"yoast-schema-graph\">{\"@context\":\"https:\/\/schema.org\",\"@graph\":[{\"@type\":\"WebPage\",\"@id\":\"https:\/\/hugorodriguez.com\/escuela\/contacto\/\",\"url\":\"https:\/\/hugorodriguez.com\/escuela\/contacto\/\",\"name\":\"Contacto - Escuela de fotograf\u00eda\",\"isPartOf\":{\"@id\":\"https:\/\/hugorodriguez.com\/escuela\/#website\"},\"datePublished\":\"2020-10-26T05:01:12+00:00\",\"dateModified\":\"2024-02-16T08:18:12+00:00\",\"breadcrumb\":{\"@id\":\"https:\/\/hugorodriguez.com\/escuela\/contacto\/#breadcrumb\"},\"inLanguage\":\"es\",\"potentialAction\":[{\"@type\":\"ReadAction\",\"target\":[\"https:\/\/hugorodriguez.com\/escuela\/contacto\/\"]}]},{\"@type\":\"BreadcrumbList\",\"@id\":\"https:\/\/hugorodriguez.com\/escuela\/contacto\/#breadcrumb\",\"itemListElement\":[{\"@type\":\"ListItem\",\"position\":1,\"name\":\"Portada\",\"item\":\"https:\/\/hugorodriguez.com\/escuela\/\"},{\"@type\":\"ListItem\",\"position\":2,\"name\":\"Contacto\"}]},{\"@type\":\"WebSite\",\"@id\":\"https:\/\/hugorodriguez.com\/escuela\/#website\",\"url\":\"https:\/\/hugorodriguez.com\/escuela\/\",\"name\":\"Escuela de fotograf\u00eda\",\"description\":\"Escuela online de fotografia de Hugo Rodriguez\",\"publisher\":{\"@id\":\"https:\/\/hugorodriguez.com\/escuela\/#organization\"},\"potentialAction\":[{\"@type\":\"SearchAction\",\"target\":{\"@type\":\"EntryPoint\",\"urlTemplate\":\"https:\/\/hugorodriguez.com\/escuela\/?s={search_term_string}\"},\"query-input\":{\"@type\":\"PropertyValueSpecification\",\"valueRequired\":true,\"valueName\":\"search_term_string\"}}],\"inLanguage\":\"es\"},{\"@type\":\"Organization\",\"@id\":\"https:\/\/hugorodriguez.com\/escuela\/#organization\",\"name\":\"Escuela de fotograf\u00eda\",\"url\":\"https:\/\/hugorodriguez.com\/escuela\/\",\"logo\":{\"@type\":\"ImageObject\",\"inLanguage\":\"es\",\"@id\":\"https:\/\/hugorodriguez.com\/escuela\/#\/schema\/logo\/image\/\",\"url\":\"https:\/\/hugorodriguez.com\/escuela\/wp-content\/uploads\/2023\/11\/cropped-Loho-hugorodriguez-escuela.webp\",\"contentUrl\":\"https:\/\/hugorodriguez.com\/escuela\/wp-content\/uploads\/2023\/11\/cropped-Loho-hugorodriguez-escuela.webp\",\"width\":671,\"height\":201,\"caption\":\"Escuela de fotograf\u00eda\"},\"image\":{\"@id\":\"https:\/\/hugorodriguez.com\/escuela\/#\/schema\/logo\/image\/\"}}]}<\/script>\n<!-- \/ Yoast SEO plugin. -->","yoast_head_json":{"title":"Contacto - Escuela de fotograf\u00eda","robots":{"index":"index","follow":"follow","max-snippet":"max-snippet:-1","max-image-preview":"max-image-preview:large","max-video-preview":"max-video-preview:-1"},"canonical":"https:\/\/hugorodriguez.com\/escuela\/contacto\/","og_locale":"es_ES","og_type":"article","og_title":"Contacto - Escuela de fotograf\u00eda","og_description":"Contacto\u200b Nuestro horario es de 10 a 2 y 4 a 8 de lunes a viernes.","og_url":"https:\/\/hugorodriguez.com\/escuela\/contacto\/","og_site_name":"Escuela de fotograf\u00eda","article_modified_time":"2024-02-16T08:18:12+00:00","twitter_card":"summary_large_image","twitter_misc":{"Tiempo de lectura":"1 minuto"},"schema":{"@context":"https:\/\/schema.org","@graph":[{"@type":"WebPage","@id":"https:\/\/hugorodriguez.com\/escuela\/contacto\/","url":"https:\/\/hugorodriguez.com\/escuela\/contacto\/","name":"Contacto - Escuela de fotograf\u00eda","isPartOf":{"@id":"https:\/\/hugorodriguez.com\/escuela\/#website"},"datePublished":"2020-10-26T05:01:12+00:00","dateModified":"2024-02-16T08:18:12+00:00","breadcrumb":{"@id":"https:\/\/hugorodriguez.com\/escuela\/contacto\/#breadcrumb"},"inLanguage":"es","potentialAction":[{"@type":"ReadAction","target":["https:\/\/hugorodriguez.com\/escuela\/contacto\/"]}]},{"@type":"BreadcrumbList","@id":"https:\/\/hugorodriguez.com\/escuela\/contacto\/#breadcrumb","itemListElement":[{"@type":"ListItem","position":1,"name":"Portada","item":"https:\/\/hugorodriguez.com\/escuela\/"},{"@type":"ListItem","position":2,"name":"Contacto"}]},{"@type":"WebSite","@id":"https:\/\/hugorodriguez.com\/escuela\/#website","url":"https:\/\/hugorodriguez.com\/escuela\/","name":"Escuela de fotograf\u00eda","description":"Escuela online de fotografia de Hugo Rodriguez","publisher":{"@id":"https:\/\/hugorodriguez.com\/escuela\/#organization"},"potentialAction":[{"@type":"SearchAction","target":{"@type":"EntryPoint","urlTemplate":"https:\/\/hugorodriguez.com\/escuela\/?s={search_term_string}"},"query-input":{"@type":"PropertyValueSpecification","valueRequired":true,"valueName":"search_term_string"}}],"inLanguage":"es"},{"@type":"Organization","@id":"https:\/\/hugorodriguez.com\/escuela\/#organization","name":"Escuela de fotograf\u00eda","url":"https:\/\/hugorodriguez.com\/escuela\/","logo":{"@type":"ImageObject","inLanguage":"es","@id":"https:\/\/hugorodriguez.com\/escuela\/#\/schema\/logo\/image\/","url":"https:\/\/hugorodriguez.com\/escuela\/wp-content\/uploads\/2023\/11\/cropped-Loho-hugorodriguez-escuela.webp","contentUrl":"https:\/\/hugorodriguez.com\/escuela\/wp-content\/uploads\/2023\/11\/cropped-Loho-hugorodriguez-escuela.webp","width":671,"height":201,"caption":"Escuela de fotograf\u00eda"},"image":{"@id":"https:\/\/hugorodriguez.com\/escuela\/#\/schema\/logo\/image\/"}}]}},"uagb_featured_image_src":{"full":false,"thumbnail":false,"medium":false,"medium_large":false,"large":false,"1536x1536":false,"2048x2048":false,"woocommerce_thumbnail":false,"woocommerce_single":false,"woocommerce_gallery_thumbnail":false},"uagb_author_info":{"display_name":"Hugo Rguez","author_link":"https:\/\/hugorodriguez.com\/escuela\/author\/hurodal_escuela\/"},"uagb_comment_info":0,"uagb_excerpt":"Contacto\u200b Nuestro horario es de 10 a 2 y 4 a 8 de lunes a viernes.","_links":{"self":[{"href":"https:\/\/hugorodriguez.com\/escuela\/wp-json\/wp\/v2\/pages\/1155","targetHints":{"allow":["GET"]}}],"collection":[{"href":"https:\/\/hugorodriguez.com\/escuela\/wp-json\/wp\/v2\/pages"}],"about":[{"href":"https:\/\/hugorodriguez.com\/escuela\/wp-json\/wp\/v2\/types\/page"}],"author":[{"embeddable":true,"href":"https:\/\/hugorodriguez.com\/escuela\/wp-json\/wp\/v2\/users\/1"}],"replies":[{"embeddable":true,"href":"https:\/\/hugorodriguez.com\/escuela\/wp-json\/wp\/v2\/comments?post=1155"}],"version-history":[{"count":5,"href":"https:\/\/hugorodriguez.com\/escuela\/wp-json\/wp\/v2\/pages\/1155\/revisions"}],"predecessor-version":[{"id":5117,"href":"https:\/\/hugorodriguez.com\/escuela\/wp-json\/wp\/v2\/pages\/1155\/revisions\/5117"}],"wp:attachment":[{"href":"https:\/\/hugorodriguez.com\/escuela\/wp-json\/wp\/v2\/media?parent=1155"}],"curies":[{"name":"wp","href":"https:\/\/api.w.org\/{rel}","templated":true}]}}